{"id":2339,"date":"2022-03-30T20:01:10","date_gmt":"2022-03-30T18:01:10","guid":{"rendered":"https:\/\/www.agenturagate.cz\/gdpr\/"},"modified":"2022-05-05T19:55:42","modified_gmt":"2022-05-05T17:55:42","slug":"gdpr","status":"publish","type":"page","link":"https:\/\/www.agenturagate.cz\/sk\/gdpr\/","title":{"rendered":"GDPR"},"content":{"rendered":"\n[et_pb_section fb_built=&#8220;1&#8243; _builder_version=&#8220;4.16&#8243; _module_preset=&#8220;default&#8220; global_colors_info=&#8220;{}&#8220;][et_pb_row column_structure=&#8220;2_3,1_3&#8243; _builder_version=&#8220;4.16&#8243; _module_preset=&#8220;default&#8220; global_colors_info=&#8220;{}&#8220;][et_pb_column type=&#8220;2_3&#8243; _builder_version=&#8220;4.16&#8243; _module_preset=&#8220;default&#8220; global_colors_info=&#8220;{}&#8220;][et_pb_text _builder_version=&#8220;4.17.3&#8243; _module_preset=&#8220;default&#8220; hover_enabled=&#8220;0&#8243; global_colors_info=&#8220;{}&#8220; sticky_enabled=&#8220;0&#8243;]<h2>NA\u0160A SPOLO\u010cNOS\u0164<\/h2>\n<p><strong>GATE Slovakia, s\u00a0r.o.,<\/strong><span>\u00a0<\/span>I\u010cO: 51 762 641, so\u00a0s\u00eddlom Karpatsk\u00e9 n\u00e1mestie 10A, 831 06 Bratislava<\/p>\n<h2>Z\u00c1V\u00c4ZOK OCHRANY OSOBN\u00ddCH \u00daDAJOV<\/h2>\n<p><strong>Vedenie spolo\u010dnosti si je vedom\u00e9 riz\u00edk a\u00a0mo\u017en\u00fdch negat\u00edvnych n\u00e1sledkov s\u00favisiacich so\u00a0spracovan\u00edm osobn\u00fdch \u00fadajov. Ochrane osobn\u00fdch \u00fadajov je preto venovan\u00e1 vysok\u00e1 pozornos\u0165.<\/strong><\/p>\n<p>Za\u00a0\u00fa\u010delom stanovenia jednotn\u00fdch intern\u00fdch pravidiel pre\u00a0z\u00e1konn\u00e9 spracovanie osobn\u00fdch \u00fadajov a\u00a0vytvorenie syst\u00e9mu vn\u00fatorn\u00fdch kontrol a\u00a0opatren\u00ed k\u00a0ich zabezpe\u010deniu, bola vydan\u00e1\u00a0<strong>Smernica ochrany osobn\u00fdch \u00fadajov a\u00a0s\u00fakromia.<\/strong><\/p>\n<p>Zabezpe\u010denie osobn\u00fdch \u00fadajov je realizovan\u00e9 prostredn\u00edctvom syst\u00e9mu fyzickej a\u00a0informa\u010dnej bezpe\u010dnosti, ktor\u00e1 je predmetom pravidelnej rev\u00edzie a\u00a0testovania.<\/p>\n<p>Za\u00a0\u00fa\u010delom zodpovedn\u00e9ho a\u00a0systematick\u00e9ho riadenia danej oblasti, bola vytvoren\u00e1 funkcia tzv.\u00a0zodpovedn\u00e9 osoby.\u00a0<strong>V\u00fdkonom funkcie zodpovednej osoby bol poveren\u00fd Mat\u011bj Novotn\u00fd, COO.<\/strong><\/p>\n<h2>SPRACOVANIE OSOBN\u00ddCH \u00daDAJOV A\u00a0POVINN\u00c9 INFORM\u00c1CIE<\/h2>\n<p>Na\u0161a spolo\u010dnos\u0165 spracov\u00e1va r\u00f4znorod\u00e9 osobn\u00e9 \u00fadaje v\u00a0s\u00favislosti s\u00a0n\u00e1borom a\u00a0zamestn\u00e1van\u00edm zamestnancov, obchodn\u00fdmi aktivitami, propag\u00e1ciou spolo\u010dnosti, kontrolou a\u00a0evidenciou os\u00f4b vstupuj\u00facich do\u00a0priestoru spolo\u010dnosti, prevenciou proti COVID-19, ochranou akt\u00edv spolo\u010dnosti, vr\u00e1tane prev\u00e1dzky kamerov\u00e9ho syst\u00e9mu so\u00a0z\u00e1znamom.<\/p>\n<p><strong>Bli\u017e\u0161ie inform\u00e1cie<\/strong>\u00a0v\u00a0rozsahu \u010dl. 13 a\u017e 14 GDPR\u00a0<strong>s\u00fa obsiahnut\u00e9 v\u00a0ni\u017e\u0161ie vymenovan\u00fdch dokumentoch<\/strong>, ktor\u00e9 je mo\u017en\u00e9 stiahnu\u0165, pr\u00edpadne V\u00e1m m\u00f4\u017eu by\u0165 zaslan\u00e9 e-mailom na\u00a0z\u00e1klade Va\u0161ej \u017eiadosti.<\/p>\n<ul>\n<li><a href=\"https:\/\/www.agenturagate.sk\/root\/content\/Dokumenty%20ke%20sta%C5%BEen%C3%AD\/Dokumenty%20SK\/(2)-sk-update_ag_ext_memorandum-pre-uchadzaca-o-zamestnanie.pdf\" target=\"_blank\" rel=\"noopener\">Informa\u010dn\u00e9 memorandum pre\u00a0uch\u00e1dza\u010da o\u00a0zamestnanie<\/a><\/li>\n<li><a href=\"https:\/\/www.agenturagate.sk\/root\/content\/Dokumenty%20ke%20sta%C5%BEen%C3%AD\/Dokumenty%20SK\/(3)-sk-update_-ag_ext_memorandum-pre-navstevnikov-internetovych-stranok.pdf\" target=\"_blank\" rel=\"noopener\">Informa\u010dn\u00e9 memorandum pre\u00a0n\u00e1v\u0161tevn\u00edkov internetov\u00fdch str\u00e1nok<\/a><\/li>\n<li><a href=\"https:\/\/www.agenturagate.sk\/root\/content\/Dokumenty%20ke%20sta%C5%BEen%C3%AD\/Dokumenty%20SK\/(4)-sk-update-ag_ext_memorandum-ku-kamerovemu-systemu-a-evidencii-os%C3%B4b.pdf\" target=\"_blank\" rel=\"noopener\">Informa\u010dn\u00e9 memorandum ku\u00a0kamerov\u00e9mu syst\u00e9mu a\u00a0evidencii os\u00f4b<\/a><\/li>\n<li><a href=\"https:\/\/www.agenturagate.sk\/root\/content\/Dokumenty%20ke%20sta%C5%BEen%C3%AD\/Dokumenty%20SK\/(6)sk-update_-ag_suhlas-pre-zaradenie-do-evidencie-uchadzacov.pdf\" target=\"_blank\" rel=\"noopener\">S\u00fahlas pre zaradenie do evidencie uch\u00e1dza\u010dov<\/a><\/li>\n<\/ul>\n<h2>KONTAKTN\u00c9 \u00daDAJE PRE\u00a0VA\u0160E OT\u00c1ZKY A\u00a0\u017dIADOSTI<\/h2>\n<p>Kore\u0161ponden\u010dn\u00e1 adresa:<\/p>\n<p>GATE Slovakia s\u00a0r. o., J. Farka\u0161a 2, 903 01 Senec<\/p>\n<p>E-mail: agenturagate@agenturagate.sk<\/p>\n<p>Telef\u00f3n: +421\u00a0911\u00a0393 618<\/p>\n<p>D\u00e1tov\u00e1 schr\u00e1nka: 2xehyif<\/p>[\/et_pb_text][\/et_pb_column][et_pb_column type=&#8220;1_3&#8243; _builder_version=&#8220;4.16&#8243; _module_preset=&#8220;default&#8220; global_colors_info=&#8220;{}&#8220;][\/et_pb_column][\/et_pb_row][\/et_pb_section]\n","protected":false},"excerpt":{"rendered":"<p>NA\u0160A SPOLO\u010cNOS\u0164 GATE Slovakia, s\u00a0r.o.,\u00a0I\u010cO: 51 762 641, so\u00a0s\u00eddlom Karpatsk\u00e9 n\u00e1mestie 10A, 831 06 Bratislava Z\u00c1V\u00c4ZOK OCHRANY OSOBN\u00ddCH \u00daDAJOV Vedenie spolo\u010dnosti si je vedom\u00e9 riz\u00edk a\u00a0mo\u017en\u00fdch negat\u00edvnych n\u00e1sledkov s\u00favisiacich so\u00a0spracovan\u00edm osobn\u00fdch \u00fadajov. Ochrane osobn\u00fdch \u00fadajov je preto venovan\u00e1 vysok\u00e1 pozornos\u0165. Za\u00a0\u00fa\u010delom stanovenia jednotn\u00fdch intern\u00fdch pravidiel pre\u00a0z\u00e1konn\u00e9 spracovanie osobn\u00fdch \u00fadajov a\u00a0vytvorenie syst\u00e9mu vn\u00fatorn\u00fdch kontrol a\u00a0opatren\u00ed k\u00a0ich [&hellip;]<\/p>\n","protected":false},"author":1,"featured_media":0,"parent":0,"menu_order":0,"comment_status":"closed","ping_status":"closed","template":"","meta":{"_acf_changed":false,"_et_pb_use_builder":"on","_et_pb_old_content":"[et_pb_section fb_built=\"1\" _builder_version=\"4.15.1\" _module_preset=\"default\" global_colors_info=\"{}\"][et_pb_row column_structure=\"2_3,1_3\" _builder_version=\"4.15.1\" _module_preset=\"default\" global_colors_info=\"{}\"][et_pb_column type=\"2_3\" _builder_version=\"4.15.1\" _module_preset=\"default\" global_colors_info=\"{}\"][et_pb_text _builder_version=\"4.15.1\" _module_preset=\"default\" hover_enabled=\"0\" global_colors_info=\"{}\" sticky_enabled=\"0\"]\n<h2>NA\u0160E SPOLE\u010cNOST<\/h2>\n<strong>Agentura GATE s.r.o.<\/strong>, I\u010cO: 28927273, se&nbsp;s\u00eddlem V&nbsp;t\u0159e\u0161\u0148ovce 227\/12, 190 00 Praha 9.\n<h2>Z\u00c1VAZEK OCHRANY OSOBN\u00cdCH \u00daDAJ\u016e<\/h2>\n<strong>Veden\u00ed spole\u010dnosti si je v\u011bdomo rizik a&nbsp;mo\u017en\u00fdch negativn\u00edch n\u00e1sledk\u016f souvisej\u00edc\u00ed se&nbsp;zpracov\u00e1n\u00edm osobn\u00edch \u00fadaj\u016f. Ochran\u011b osobn\u00edch \u00fadaj\u016f je proto v\u011bnov\u00e1na vysok\u00e1 pozornost.<\/strong>\n\nZa&nbsp;\u00fa\u010delem stanoven\u00ed jednotn\u00fdch intern\u00edch pravidel pro&nbsp;z\u00e1konn\u00e9 zpracov\u00e1n\u00ed osobn\u00edch \u00fadaj\u016f a&nbsp;vytvo\u0159en\u00ed syst\u00e9mu vnit\u0159n\u00edch kontrol a&nbsp;opat\u0159en\u00ed k&nbsp;jejich zabezpe\u010den\u00ed, byla vyd\u00e1na<span>&nbsp;<\/span><strong>Sm\u011brnice ochrany osobn\u00edch \u00fadaj\u016f a&nbsp;soukrom\u00ed.<\/strong>\n\nZabezpe\u010den\u00ed osobn\u00edch \u00fadaj\u016f je realizov\u00e1no prost\u0159ednictv\u00edm syst\u00e9mu fyzick\u00e9 a&nbsp;informa\u010dn\u00ed bezpe\u010dnosti, kter\u00fd je p\u0159edm\u011btem pravideln\u00e9 revize a&nbsp;testov\u00e1n\u00ed.\n\nZa&nbsp;\u00fa\u010delem odpov\u011bdn\u00e9ho a&nbsp;systematick\u00e9ho \u0159\u00edzen\u00ed dan\u00e9 oblasti, byla vytvo\u0159ena funkce tzv.&nbsp;zodpov\u011bdn\u00e9 osoby.<span>&nbsp;<\/span><strong>V\u00fdkonem funkce zodpov\u011bdn\u00e9 osoby byla pov\u011b\u0159ena Sabina Smorodin, Account Director.<\/strong>\n<h2>ZPRACOV\u00c1N\u00cd OSOBN\u00cdCH \u00daDAJ\u016e A&nbsp;POVINN\u00c9 INFORMACE<\/h2>\nNa\u0161e spole\u010dnost zpracov\u00e1v\u00e1 r\u016fznorod\u00e9 osobn\u00ed \u00fadaje v&nbsp;souvislosti s&nbsp;n\u00e1borem a&nbsp;zam\u011bstn\u00e1v\u00e1n\u00edm zam\u011bstnanc\u016f, obchodn\u00edmi aktivitami, propagac\u00ed spole\u010dnosti, kontrolou a&nbsp;evidenc\u00ed osob vstupuj\u00edc\u00edch do&nbsp;prostor spole\u010dnosti, prevenc\u00ed proti COVID-19, ochranou aktiv spole\u010dnost\u00ed, v\u010detn\u011b provozu kamerov\u00e9ho syst\u00e9mu se&nbsp;z\u00e1znamem.\n\n<strong>Bli\u017e\u0161\u00ed informace<\/strong><span>&nbsp;<\/span>v&nbsp;rozsahu \u010dl. 13 a\u017e 14 GDPR<span>&nbsp;<\/span><strong>jsou obsa\u017eeny v&nbsp;n\u00ed\u017ee vyjmenovan\u00fdch dokumentech<\/strong>, kter\u00e9 je mo\u017en\u00e9 st\u00e1hnout, p\u0159\u00edpadn\u011b V\u00e1m mohou b\u00fdt zasl\u00e1ny e-mailem na&nbsp;z\u00e1klad\u011b Va\u0161\u00ed \u017e\u00e1dosti.\n<ul>\n \t<li><a href=\"https:\/\/www.agenturagate.cz\/wp-content\/uploads\/2022\/04\/2-ag_ext_memorandum-pro-uchazece-o-zamestnani.pdf\" target=\"_blank\" rel=\"noopener\">Informa\u010dn\u00ed memorandum pro&nbsp;uchaze\u010de o&nbsp;zam\u011bstn\u00e1n\u00ed<\/a><\/li>\n \t<li><a href=\"https:\/\/www.agenturagate.cz\/wp-content\/uploads\/2022\/04\/3-ag_ext_memorandum-pro-navstevniky-internetovych-stranek.pdf\" target=\"_blank\" rel=\"noopener\">Informa\u010dn\u00ed memorandum pro&nbsp;n\u00e1v\u0161t\u011bvn\u00edky internetov\u00fdch str\u00e1nek<\/a><\/li>\n \t<li><a href=\"https:\/\/www.agenturagate.cz\/wp-content\/uploads\/2022\/04\/4-ag_ext_memorandum-ke-kamerovemu-systemu-a-evidenci-osob-vstupujicich-do-prostor.pdf\" target=\"_blank\" rel=\"noopener\">Informa\u010dn\u00ed memorandum ke&nbsp;kamerov\u00e9mu syst\u00e9mu a&nbsp;evidenci osob<\/a><\/li>\n \t<li><a href=\"https:\/\/www.agenturagate.cz\/wp-content\/uploads\/2022\/04\/6-ag_souhlas-pro-zarazeni-do-evidence-uchazecu.pdf\" target=\"_blank\" rel=\"noopener\">Souhlas pro&nbsp;za\u0159azen\u00ed do&nbsp;evidence uchaze\u010d\u016f<\/a><\/li>\n<\/ul>\n<h2>KONTAKTN\u00cd \u00daDAJE PRO&nbsp;VA\u0160E DOTAZY A&nbsp;\u017d\u00c1DOSTI<\/h2>\nKoresponden\u010dn\u00ed adresa: Agentura GATE s.r.o., Dolnom\u011bcholupsk\u00e1 1418\/12, 102 00 Praha 10\n\nE-mail: dpo@agenturagate.cz\n\nTelefon: +420 241 400 044\n\nDatov\u00e1 schr\u00e1nka: 2xehyif\n\n[\/et_pb_text][\/et_pb_column][et_pb_column type=\"1_3\" _builder_version=\"4.15.1\" _module_preset=\"default\" global_colors_info=\"{}\"][\/et_pb_column][\/et_pb_row][\/et_pb_section]","_et_gb_content_width":"","footnotes":""},"class_list":["post-2339","page","type-page","status-publish","hentry"],"acf":[],"_links":{"self":[{"href":"https:\/\/www.agenturagate.cz\/sk\/wp-json\/wp\/v2\/pages\/2339","targetHints":{"allow":["GET"]}}],"collection":[{"href":"https:\/\/www.agenturagate.cz\/sk\/wp-json\/wp\/v2\/pages"}],"about":[{"href":"https:\/\/www.agenturagate.cz\/sk\/wp-json\/wp\/v2\/types\/page"}],"author":[{"embeddable":true,"href":"https:\/\/www.agenturagate.cz\/sk\/wp-json\/wp\/v2\/users\/1"}],"replies":[{"embeddable":true,"href":"https:\/\/www.agenturagate.cz\/sk\/wp-json\/wp\/v2\/comments?post=2339"}],"version-history":[{"count":3,"href":"https:\/\/www.agenturagate.cz\/sk\/wp-json\/wp\/v2\/pages\/2339\/revisions"}],"predecessor-version":[{"id":2895,"href":"https:\/\/www.agenturagate.cz\/sk\/wp-json\/wp\/v2\/pages\/2339\/revisions\/2895"}],"wp:attachment":[{"href":"https:\/\/www.agenturagate.cz\/sk\/wp-json\/wp\/v2\/media?parent=2339"}],"curies":[{"name":"wp","href":"https:\/\/api.w.org\/{rel}","templated":true}]}}