{"id":2375,"date":"2022-03-27T10:09:06","date_gmt":"2022-03-27T08:09:06","guid":{"rendered":"https:\/\/www.agenturagate.cz\/nase-know-how\/activation\/"},"modified":"2022-05-01T12:53:01","modified_gmt":"2022-05-01T10:53:01","slug":"activation","status":"publish","type":"page","link":"https:\/\/www.agenturagate.cz\/sk\/nase-know-how\/activation\/","title":{"rendered":"Activation"},"content":{"rendered":"<p>[et_pb_section fb_built=&#8220;1&#8243; _builder_version=&#8220;4.16&#8243; _module_preset=&#8220;default&#8220; background_color=&#8220;gcid-272884ea-4f7f-4770-bcdb-c59d0804d5dc&#8220; background_image=&#8220;https:\/\/www.agenturagate.cz\/wp-content\/uploads\/2022\/04\/bg_activation.png&#8220; custom_padding=&#8220;||80px||false|false&#8220; bottom_divider_style=&#8220;slant&#8220; bottom_divider_color=&#8220;gcid-272884ea-4f7f-4770-bcdb-c59d0804d5dc&#8220; bottom_divider_height=&#8220;50px&#8220; bottom_divider_flip=&#8220;horizontal&#8220; global_colors_info=&#8220;{%22gcid-272884ea-4f7f-4770-bcdb-c59d0804d5dc%22:%91%22bottom_divider_color%22,%22background_color%22%93}&#8220;][et_pb_row column_structure=&#8220;1_2,1_2&#8243; make_equal=&#8220;on&#8220; _builder_version=&#8220;4.16&#8243; _module_preset=&#8220;default&#8220; global_colors_info=&#8220;{}&#8220;][et_pb_column type=&#8220;1_2&#8243; module_class=&#8220;left-flex&#8220; _builder_version=&#8220;4.16&#8243; _module_preset=&#8220;default&#8220; global_colors_info=&#8220;{}&#8220;][et_pb_text _builder_version=&#8220;4.16&#8243; _module_preset=&#8220;default&#8220; global_colors_info=&#8220;{}&#8220;]<\/p>\n<h1 class=\"fg-white\">ACTIVATION<\/h1>\n<p>[\/et_pb_text][et_pb_code _builder_version=&#8220;4.17.3&#8243; _module_preset=&#8220;default&#8220; hover_enabled=&#8220;0&#8243; global_colors_info=&#8220;{}&#8220; sticky_enabled=&#8220;0&#8243;]<\/p>\n<div class=\"nine-steps\"><!-- [et_pb_line_break_holder] -->  <img decoding=\"async\" src=\"https:\/\/www.agenturagate.cz\/wp-content\/uploads\/2022\/03\/Group-2578.png\"\/><!-- [et_pb_line_break_holder] -->  <pee style=\"color: #7ae5ff\"><!-- [et_pb_line_break_holder] -->    K PREDAJN\u00c9MU<!\u2013- [et_pb_br_holder] -\u2013><!-- [et_pb_line_break_holder] -->    \u00daSP\u011aCHU<!-- [et_pb_line_break_holder] -->  <\/pee><!-- [et_pb_line_break_holder] --><\/div>\n<p>[\/et_pb_code][\/et_pb_column][et_pb_column type=&#8220;1_2&#8243; _builder_version=&#8220;4.16&#8243; _module_preset=&#8220;default&#8220; global_colors_info=&#8220;{}&#8220;][et_pb_image src=&#8220;https:\/\/www.agenturagate.cz\/wp-content\/uploads\/2022\/03\/Group-2540.png&#8220; title_text=&#8220;Group 2540&#8243; align=&#8220;center&#8220; _builder_version=&#8220;4.16&#8243; _module_preset=&#8220;default&#8220; width=&#8220;80%&#8220; global_colors_info=&#8220;{}&#8220;][\/et_pb_image][\/et_pb_column][\/et_pb_row][\/et_pb_section][et_pb_section fb_built=&#8220;1&#8243; _builder_version=&#8220;4.16&#8243; _module_preset=&#8220;default&#8220; background_color=&#8220;gcid-272884ea-4f7f-4770-bcdb-c59d0804d5dc&#8220; custom_padding=&#8220;||80px||false|false&#8220; bottom_divider_style=&#8220;slant&#8220; bottom_divider_color=&#8220;gcid-00223007-7df9-46f6-8e56-44f370094523&#8243; bottom_divider_height=&#8220;50px&#8220; bottom_divider_flip=&#8220;horizontal&#8220; global_colors_info=&#8220;{%22gcid-00223007-7df9-46f6-8e56-44f370094523%22:%91%22bottom_divider_color%22%93}&#8220;][et_pb_row column_structure=&#8220;1_3,1_3,1_3&#8243; _builder_version=&#8220;4.16&#8243; _module_preset=&#8220;default&#8220; custom_padding=&#8220;||||false|false&#8220; global_colors_info=&#8220;{}&#8220;][et_pb_column type=&#8220;1_3&#8243; _builder_version=&#8220;4.16&#8243; _module_preset=&#8220;default&#8220; global_colors_info=&#8220;{}&#8220;][et_pb_blurb title=&#8220;Br\u00edfing&#8220; image=&#8220;https:\/\/www.agenturagate.cz\/wp-content\/uploads\/2022\/04\/icon-briefing.svg&#8220; module_class=&#8220;step step&#8211;briefing&#8220; _builder_version=&#8220;4.17.3&#8243; _module_preset=&#8220;default&#8220; header_level=&#8220;h3&#8243; hover_enabled=&#8220;0&#8243; global_colors_info=&#8220;{}&#8220; sticky_enabled=&#8220;0&#8243;]<\/p>\n<p>v\u00edzia klienta<br \/>workshop<br \/>ujasnenie zadan\u00ed a cie\u013eov<\/p>\n<p>[\/et_pb_blurb][\/et_pb_column][et_pb_column type=&#8220;1_3&#8243; _builder_version=&#8220;4.16&#8243; _module_preset=&#8220;default&#8220; global_colors_info=&#8220;{}&#8220;][et_pb_blurb title=&#8220;Identifik\u00e1cia probl\u00e9mov&#8220; image=&#8220;https:\/\/www.agenturagate.cz\/wp-content\/uploads\/2022\/04\/icon-strategie.svg&#8220; module_class=&#8220;step step&#8211;strategie&#8220; _builder_version=&#8220;4.17.3&#8243; _module_preset=&#8220;default&#8220; header_level=&#8220;h3&#8243; hover_enabled=&#8220;0&#8243; global_colors_info=&#8220;{}&#8220; sticky_enabled=&#8220;0&#8243;]<\/p>\n<p>metriky<br \/>v\u00fdkonnos\u0165 produktu<br \/>insight mining<\/p>\n<p>[\/et_pb_blurb][\/et_pb_column][et_pb_column type=&#8220;1_3&#8243; _builder_version=&#8220;4.16&#8243; _module_preset=&#8220;default&#8220; global_colors_info=&#8220;{}&#8220;][et_pb_blurb title=&#8220;Aktiva\u010dn\u00fd mix&#8220; image=&#8220;https:\/\/www.agenturagate.cz\/wp-content\/uploads\/2022\/04\/icon-kreativa.svg&#8220; module_class=&#8220;step step&#8211;kreativa&#8220; _builder_version=&#8220;4.17.3&#8243; _module_preset=&#8220;default&#8220; header_level=&#8220;h3&#8243; hover_enabled=&#8220;0&#8243; global_colors_info=&#8220;{}&#8220; sticky_enabled=&#8220;0&#8243;]<\/p>\n<p>n\u00e1stroje<br \/>mechaniky<br \/>programy<\/p>\n<p>[\/et_pb_blurb][\/et_pb_column][\/et_pb_row][et_pb_row column_structure=&#8220;1_3,1_3,1_3&#8243; _builder_version=&#8220;4.16&#8243; _module_preset=&#8220;default&#8220; global_colors_info=&#8220;{}&#8220;][et_pb_column type=&#8220;1_3&#8243; _builder_version=&#8220;4.16&#8243; _module_preset=&#8220;default&#8220; global_colors_info=&#8220;{}&#8220;][et_pb_blurb title=&#8220;Koncept&#8220; image=&#8220;https:\/\/www.agenturagate.cz\/wp-content\/uploads\/2022\/04\/icon-faze.svg&#8220; module_class=&#8220;step step&#8211;technickaFaze&#8220; _builder_version=&#8220;4.17.3&#8243; _module_preset=&#8220;default&#8220; header_level=&#8220;h3&#8243; hover_enabled=&#8220;0&#8243; global_colors_info=&#8220;{}&#8220; sticky_enabled=&#8220;0&#8243;]<\/p>\n<p>kreativita<br \/>dizajn<br \/>grafika<\/p>\n<p>[\/et_pb_blurb][\/et_pb_column][et_pb_column type=&#8220;1_3&#8243; _builder_version=&#8220;4.16&#8243; _module_preset=&#8220;default&#8220; global_colors_info=&#8220;{}&#8220;][et_pb_blurb title=&#8220;Technick\u00e1 f\u00e1za&#8220; image=&#8220;https:\/\/www.agenturagate.cz\/wp-content\/uploads\/2022\/04\/icon-testovani.svg&#8220; module_class=&#8220;step step&#8211;testovani&#8220; _builder_version=&#8220;4.17.3&#8243; _module_preset=&#8220;default&#8220; header_level=&#8220;h3&#8243; hover_enabled=&#8220;0&#8243; global_colors_info=&#8220;{}&#8220; sticky_enabled=&#8220;0&#8243;]<\/p>\n<p>materi\u00e1ly<br \/>platformy<br \/>aplik\u00e1cie<\/p>\n<p>[\/et_pb_blurb][\/et_pb_column][et_pb_column type=&#8220;1_3&#8243; _builder_version=&#8220;4.16&#8243; _module_preset=&#8220;default&#8220; global_colors_info=&#8220;{}&#8220;][et_pb_blurb title=&#8220;Produkcia a \u0161kolenie&#8220; image=&#8220;https:\/\/www.agenturagate.cz\/wp-content\/uploads\/2022\/04\/icon-produkce.svg&#8220; module_class=&#8220;step step&#8211;produkce&#8220; _builder_version=&#8220;4.17.3&#8243; _module_preset=&#8220;default&#8220; header_level=&#8220;h3&#8243; hover_enabled=&#8220;0&#8243; global_colors_info=&#8220;{}&#8220; sticky_enabled=&#8220;0&#8243;]<\/p>\n<p>v\u00fdroba a tla\u010d<br \/>zozn\u00e1menie s produktom<br \/>ovl\u00e1danie v praxi<\/p>\n<p>[\/et_pb_blurb][\/et_pb_column][\/et_pb_row][et_pb_row column_structure=&#8220;1_3,1_3,1_3&#8243; _builder_version=&#8220;4.16&#8243; _module_preset=&#8220;default&#8220; global_colors_info=&#8220;{}&#8220;][et_pb_column type=&#8220;1_3&#8243; _builder_version=&#8220;4.16&#8243; _module_preset=&#8220;default&#8220; global_colors_info=&#8220;{}&#8220;][et_pb_blurb title=&#8220;Logistika a in\u0161tal\u00e1cie &#8220; image=&#8220;https:\/\/www.agenturagate.cz\/wp-content\/uploads\/2022\/04\/icon-logistika.svg&#8220; module_class=&#8220;step step&#8211;logistikaInstalace&#8220; _builder_version=&#8220;4.17.3&#8243; _module_preset=&#8220;default&#8220; header_level=&#8220;h3&#8243; hover_enabled=&#8220;0&#8243; global_colors_info=&#8220;{}&#8220; sticky_enabled=&#8220;0&#8243;]<\/p>\n<p>prevoz<br \/>mont\u00e1\u017e<br \/>zapojenie<\/p>\n<p>[\/et_pb_blurb][\/et_pb_column][et_pb_column type=&#8220;1_3&#8243; _builder_version=&#8220;4.16&#8243; _module_preset=&#8220;default&#8220; global_colors_info=&#8220;{}&#8220;][et_pb_blurb title=&#8220;Aktiv\u00e1cia&#8220; image=&#8220;https:\/\/www.agenturagate.cz\/wp-content\/uploads\/2022\/04\/icon-predani.svg&#8220; module_class=&#8220;step step&#8211;predani&#8220; _builder_version=&#8220;4.17.3&#8243; _module_preset=&#8220;default&#8220; header_level=&#8220;h3&#8243; hover_enabled=&#8220;0&#8243; global_colors_info=&#8220;{}&#8220; sticky_enabled=&#8220;0&#8243;]<\/p>\n<p>spustenie<br \/>superv\u00edzia<br \/>spr\u00e1va<\/p>\n<p>[\/et_pb_blurb][\/et_pb_column][et_pb_column type=&#8220;1_3&#8243; _builder_version=&#8220;4.16&#8243; _module_preset=&#8220;default&#8220; global_colors_info=&#8220;{}&#8220;][et_pb_blurb title=&#8220;Vyhodnotenie&#8220; image=&#8220;https:\/\/www.agenturagate.cz\/wp-content\/uploads\/2022\/04\/icon-odpovednost.svg&#8220; module_class=&#8220;step step&#8211;odpovednost&#8220; _builder_version=&#8220;4.17.3&#8243; _module_preset=&#8220;default&#8220; header_level=&#8220;h3&#8243; hover_enabled=&#8220;0&#8243; global_colors_info=&#8220;{}&#8220; sticky_enabled=&#8220;0&#8243;]<\/p>\n<p>\u00faspe\u0161nos\u0165<br \/>efektivita<br \/>\u0161tatistika<\/p>\n<p>[\/et_pb_blurb][\/et_pb_column][\/et_pb_row][\/et_pb_section][et_pb_section fb_built=&#8220;1&#8243; _builder_version=&#8220;4.16&#8243; _module_preset=&#8220;default&#8220; background_color=&#8220;gcid-00223007-7df9-46f6-8e56-44f370094523&#8243; custom_padding=&#8220;0px||0px||true|false&#8220; global_colors_info=&#8220;{%22gcid-00223007-7df9-46f6-8e56-44f370094523%22:%91%22background_color%22%93}&#8220;][et_pb_row _builder_version=&#8220;4.16&#8243; _module_preset=&#8220;default&#8220; global_colors_info=&#8220;{}&#8220;][et_pb_column type=&#8220;4_4&#8243; _builder_version=&#8220;4.16&#8243; _module_preset=&#8220;default&#8220; global_colors_info=&#8220;{}&#8220;][et_pb_text _builder_version=&#8220;4.16&#8243; _module_preset=&#8220;default&#8220; transform_rotate=&#8220;0deg|0deg|358deg&#8220; text_orientation=&#8220;center&#8220; global_colors_info=&#8220;{}&#8220;]<\/p>\n<h2 class=\"heading2\">RECENT <span class=\"heading2__highlight\">WORK<\/span><\/h2>\n<p>[\/et_pb_text][\/et_pb_column][\/et_pb_row][\/et_pb_section][et_pb_section fb_built=&#8220;1&#8243; _builder_version=&#8220;4.16&#8243; _module_preset=&#8220;default&#8220; background_color=&#8220;gcid-272884ea-4f7f-4770-bcdb-c59d0804d5dc&#8220; top_divider_style=&#8220;slant&#8220; top_divider_color=&#8220;gcid-00223007-7df9-46f6-8e56-44f370094523&#8243; top_divider_height=&#8220;50px&#8220; top_divider_flip=&#8220;horizontal&#8220; bottom_divider_style=&#8220;slant&#8220; bottom_divider_color=&#8220;#FFFFFF&#8220; bottom_divider_height=&#8220;50px&#8220; bottom_divider_flip=&#8220;horizontal&#8220; global_colors_info=&#8220;{%22gcid-00223007-7df9-46f6-8e56-44f370094523%22:%91%22top_divider_color%22%93,%22gcid-272884ea-4f7f-4770-bcdb-c59d0804d5dc%22:%91%22background_color%22%93}&#8220;][et_pb_row _builder_version=&#8220;4.16&#8243; _module_preset=&#8220;default&#8220; global_colors_info=&#8220;{}&#8220;][et_pb_column type=&#8220;4_4&#8243; _builder_version=&#8220;4.16&#8243; _module_preset=&#8220;default&#8220; global_colors_info=&#8220;{}&#8220;][et_pb_code _builder_version=&#8220;4.16&#8243; _module_preset=&#8220;default&#8220; global_colors_info=&#8220;{}&#8220;]\r\n<div class=\"projects__pagination projects__pagination--top\">\r\n    <\/div>\r\n<div class=\"projects\">\r\n    <div class=\"projects_grid__item projects_grid__item--sm\">\r\n            <a href=\"https:\/\/www.agenturagate.cz\/sk\/project\/hostes-promo-pro-innogy\/\" class=\"projects_grid__item__thumb\">\r\n            <img loading=\"lazy\" decoding=\"async\" width=\"2560\" height=\"1706\" src=\"https:\/\/www.agenturagate.cz\/wp-content\/uploads\/2022\/04\/hostess-scaled.webp\" class=\"attachment-post-thumbnail size-post-thumbnail wp-post-image\" alt=\"\" srcset=\"https:\/\/www.agenturagate.cz\/wp-content\/uploads\/2022\/04\/hostess-scaled.webp 2560w, https:\/\/www.agenturagate.cz\/wp-content\/uploads\/2022\/04\/hostess-1280x853.webp 1280w, https:\/\/www.agenturagate.cz\/wp-content\/uploads\/2022\/04\/hostess-980x653.webp 980w, https:\/\/www.agenturagate.cz\/wp-content\/uploads\/2022\/04\/hostess-480x320.webp 480w\" sizes=\"(min-width: 0px) and (max-width: 480px) 480px, (min-width: 481px) and (max-width: 980px) 980px, (min-width: 981px) and (max-width: 1280px) 1280px, (min-width: 1281px) 2560px, 100vw\" \/>        <\/a>\r\n            <div class=\"projects_grid__content\">\r\n        <a href=\"https:\/\/www.agenturagate.cz\/sk\/project\/hostes-promo-pro-innogy\/\">\r\n            <h3>Hostes Promo pro innogy<\/h3>\r\n        <\/a>\r\n        <div class=\"projects_grid__content__more closed\">\r\n            <p><p>Zvy\u0161ujeme n\u00e1v\u0161tevnos\u0165 z\u00e1kazn\u00edckych centier Innogy po\u00a0celej \u010ceskej republike od\u00a0roku 2017.<\/p>\n<\/p>\r\n            <div>\r\n                <a href=\"https:\/\/www.agenturagate.cz\/sk\/project\/hostes-promo-pro-innogy\/\" class=\"btn btn--secondary btn--sm\">\r\n                    Learn more                <\/a>\r\n            <\/div>\r\n        <\/div>\r\n            <\/div>\r\n<\/div><div class=\"projects_grid__item projects_grid__item--sm\">\r\n            <a href=\"https:\/\/www.agenturagate.cz\/sk\/project\/aktivacne-kampane-mol\/\" class=\"projects_grid__item__thumb\">\r\n            <img loading=\"lazy\" decoding=\"async\" width=\"636\" height=\"892\" src=\"https:\/\/www.agenturagate.cz\/wp-content\/uploads\/2022\/04\/moll.webp\" class=\"attachment-post-thumbnail size-post-thumbnail wp-post-image\" alt=\"\" srcset=\"https:\/\/www.agenturagate.cz\/wp-content\/uploads\/2022\/04\/moll.webp 636w, https:\/\/www.agenturagate.cz\/wp-content\/uploads\/2022\/04\/moll-480x673.webp 480w\" sizes=\"(min-width: 0px) and (max-width: 480px) 480px, (min-width: 481px) 636px, 100vw\" \/>        <\/a>\r\n            <div class=\"projects_grid__content\">\r\n        <a href=\"https:\/\/www.agenturagate.cz\/sk\/project\/aktivacne-kampane-mol\/\">\r\n            <h3>Aktiva\u010dn\u00e9 kampane MOL<\/h3>\r\n        <\/a>\r\n        <div class=\"projects_grid__content__more closed\">\r\n            <p><p>Administr\u00e1cia a\u00a0spr\u00e1va spotrebite\u013esk\u00fdch a\u00a0palivov\u00fdch s\u00fa\u0165a\u017e\u00ed na\u00a0\u010derpac\u00edch staniciach MOL.<\/p>\n<\/p>\r\n            <div>\r\n                <a href=\"https:\/\/www.agenturagate.cz\/sk\/project\/aktivacne-kampane-mol\/\" class=\"btn btn--secondary btn--sm\">\r\n                    Learn more                <\/a>\r\n            <\/div>\r\n        <\/div>\r\n            <\/div>\r\n<\/div><div class=\"projects_grid__item projects_grid__item--sm\">\r\n            <a href=\"https:\/\/www.agenturagate.cz\/sk\/project\/dvere-nove-generace-assa-abloy\/\" class=\"projects_grid__item__thumb\">\r\n            <img loading=\"lazy\" decoding=\"async\" width=\"2560\" height=\"1707\" src=\"https:\/\/www.agenturagate.cz\/wp-content\/uploads\/2022\/04\/sherlock-scaled.jpeg\" class=\"attachment-post-thumbnail size-post-thumbnail wp-post-image\" alt=\"\" srcset=\"https:\/\/www.agenturagate.cz\/wp-content\/uploads\/2022\/04\/sherlock-scaled.jpeg 2560w, https:\/\/www.agenturagate.cz\/wp-content\/uploads\/2022\/04\/sherlock-1280x854.jpeg 1280w, https:\/\/www.agenturagate.cz\/wp-content\/uploads\/2022\/04\/sherlock-980x653.jpeg 980w, https:\/\/www.agenturagate.cz\/wp-content\/uploads\/2022\/04\/sherlock-480x320.jpeg 480w\" sizes=\"(min-width: 0px) and (max-width: 480px) 480px, (min-width: 481px) and (max-width: 980px) 980px, (min-width: 981px) and (max-width: 1280px) 1280px, (min-width: 1281px) 2560px, 100vw\" \/>        <\/a>\r\n            <div class=\"projects_grid__content\">\r\n        <a href=\"https:\/\/www.agenturagate.cz\/sk\/project\/dvere-nove-generace-assa-abloy\/\">\r\n            <h3>Nov\u00e1 gener\u00e1cia Assa Abloy<\/h3>\r\n        <\/a>\r\n        <div class=\"projects_grid__content__more closed\">\r\n            <p><p>Sl\u00e1vnostn\u00fd opening pre\u00a0partnerov spolo\u010dnosti Assa Abloy pri\u00a0pr\u00edle\u017eitosti uvedenia nov\u00e9ho produktu na\u00a0trh.<\/p>\n<\/p>\r\n            <div>\r\n                <a href=\"https:\/\/www.agenturagate.cz\/sk\/project\/dvere-nove-generace-assa-abloy\/\" class=\"btn btn--secondary btn--sm\">\r\n                    Learn more                <\/a>\r\n            <\/div>\r\n        <\/div>\r\n            <\/div>\r\n<\/div><div class=\"projects_grid__item projects_grid__item--sm\">\r\n            <a href=\"https:\/\/www.agenturagate.cz\/sk\/project\/cerpacka-na-svahu-roadshow\/\" class=\"projects_grid__item__thumb\">\r\n            <img loading=\"lazy\" decoding=\"async\" width=\"2560\" height=\"1703\" src=\"https:\/\/www.agenturagate.cz\/wp-content\/uploads\/2022\/04\/slovnaft-2-scaled.webp\" class=\"attachment-post-thumbnail size-post-thumbnail wp-post-image\" alt=\"\" srcset=\"https:\/\/www.agenturagate.cz\/wp-content\/uploads\/2022\/04\/slovnaft-2-scaled.webp 2560w, https:\/\/www.agenturagate.cz\/wp-content\/uploads\/2022\/04\/slovnaft-2-1280x852.webp 1280w, https:\/\/www.agenturagate.cz\/wp-content\/uploads\/2022\/04\/slovnaft-2-980x652.webp 980w, https:\/\/www.agenturagate.cz\/wp-content\/uploads\/2022\/04\/slovnaft-2-480x319.webp 480w\" sizes=\"(min-width: 0px) and (max-width: 480px) 480px, (min-width: 481px) and (max-width: 980px) 980px, (min-width: 981px) and (max-width: 1280px) 1280px, (min-width: 1281px) 2560px, 100vw\" \/>        <\/a>\r\n            <div class=\"projects_grid__content\">\r\n        <a href=\"https:\/\/www.agenturagate.cz\/sk\/project\/cerpacka-na-svahu-roadshow\/\">\r\n            <h3>\u010cerpa\u010dka na svahu | Roadshow<\/h3>\r\n        <\/a>\r\n        <div class=\"projects_grid__content__more closed\">\r\n            <p><p>Zimn\u00e1 roadshow pre\u00a0klienta Slovnaft. Naf\u00fakli sme \u010derpaciu stanicu na\u00a0svahu a\u00a0postarali sa o\u00a0skvel\u00fa atmosf\u00e9ru.<\/p>\n<\/p>\r\n            <div>\r\n                <a href=\"https:\/\/www.agenturagate.cz\/sk\/project\/cerpacka-na-svahu-roadshow\/\" class=\"btn btn--secondary btn--sm\">\r\n                    Learn more                <\/a>\r\n            <\/div>\r\n        <\/div>\r\n            <\/div>\r\n<\/div><\/div>\r\n<div class=\"projects__pagination\">\r\n    <\/div>\r\n[\/et_pb_code][\/et_pb_column][\/et_pb_row][\/et_pb_section]<\/p>\n","protected":false},"excerpt":{"rendered":"<p>[et_pb_section fb_built=&#8220;1&#8243; _builder_version=&#8220;4.16&#8243; _module_preset=&#8220;default&#8220; background_color=&#8220;gcid-272884ea-4f7f-4770-bcdb-c59d0804d5dc&#8220; background_image=&#8220;https:\/\/www.agenturagate.cz\/wp-content\/uploads\/2022\/04\/bg_activation.png&#8220; custom_padding=&#8220;||80px||false|false&#8220; bottom_divider_style=&#8220;slant&#8220; bottom_divider_color=&#8220;gcid-272884ea-4f7f-4770-bcdb-c59d0804d5dc&#8220; bottom_divider_height=&#8220;50px&#8220; bottom_divider_flip=&#8220;horizontal&#8220; global_colors_info=&#8220;{%22gcid-272884ea-4f7f-4770-bcdb-c59d0804d5dc%22:%91%22bottom_divider_color%22,%22background_color%22%93}&#8220;][et_pb_row column_structure=&#8220;1_2,1_2&#8243; make_equal=&#8220;on&#8220; _builder_version=&#8220;4.16&#8243; _module_preset=&#8220;default&#8220; global_colors_info=&#8220;{}&#8220;][et_pb_column type=&#8220;1_2&#8243; module_class=&#8220;left-flex&#8220; _builder_version=&#8220;4.16&#8243; _module_preset=&#8220;default&#8220; global_colors_info=&#8220;{}&#8220;][et_pb_text _builder_version=&#8220;4.16&#8243; _module_preset=&#8220;default&#8220; global_colors_info=&#8220;{}&#8220;] ACTIVATION [\/et_pb_text][et_pb_code _builder_version=&#8220;4.17.3&#8243; _module_preset=&#8220;default&#8220; hover_enabled=&#8220;0&#8243; global_colors_info=&#8220;{}&#8220; sticky_enabled=&#8220;0&#8243;] K PREDAJN\u00c9MU \u00daSP\u011aCHU [\/et_pb_code][\/et_pb_column][et_pb_column type=&#8220;1_2&#8243; _builder_version=&#8220;4.16&#8243; _module_preset=&#8220;default&#8220; global_colors_info=&#8220;{}&#8220;][et_pb_image src=&#8220;https:\/\/www.agenturagate.cz\/wp-content\/uploads\/2022\/03\/Group-2540.png&#8220; title_text=&#8220;Group 2540&#8243; align=&#8220;center&#8220; _builder_version=&#8220;4.16&#8243; _module_preset=&#8220;default&#8220; width=&#8220;80%&#8220; global_colors_info=&#8220;{}&#8220;][\/et_pb_image][\/et_pb_column][\/et_pb_row][\/et_pb_section][et_pb_section fb_built=&#8220;1&#8243; _builder_version=&#8220;4.16&#8243; _module_preset=&#8220;default&#8220; background_color=&#8220;gcid-272884ea-4f7f-4770-bcdb-c59d0804d5dc&#8220; custom_padding=&#8220;||80px||false|false&#8220; bottom_divider_style=&#8220;slant&#8220; bottom_divider_color=&#8220;gcid-00223007-7df9-46f6-8e56-44f370094523&#8243; [&hellip;]<\/p>\n","protected":false},"author":1,"featured_media":0,"parent":2349,"menu_order":0,"comment_status":"closed","ping_status":"closed","template":"","meta":{"_acf_changed":false,"_et_pb_use_builder":"on","_et_pb_old_content":"","_et_gb_content_width":"","footnotes":""},"class_list":["post-2375","page","type-page","status-publish","hentry"],"acf":[],"_links":{"self":[{"href":"https:\/\/www.agenturagate.cz\/sk\/wp-json\/wp\/v2\/pages\/2375","targetHints":{"allow":["GET"]}}],"collection":[{"href":"https:\/\/www.agenturagate.cz\/sk\/wp-json\/wp\/v2\/pages"}],"about":[{"href":"https:\/\/www.agenturagate.cz\/sk\/wp-json\/wp\/v2\/types\/page"}],"author":[{"embeddable":true,"href":"https:\/\/www.agenturagate.cz\/sk\/wp-json\/wp\/v2\/users\/1"}],"replies":[{"embeddable":true,"href":"https:\/\/www.agenturagate.cz\/sk\/wp-json\/wp\/v2\/comments?post=2375"}],"version-history":[{"count":2,"href":"https:\/\/www.agenturagate.cz\/sk\/wp-json\/wp\/v2\/pages\/2375\/revisions"}],"predecessor-version":[{"id":2377,"href":"https:\/\/www.agenturagate.cz\/sk\/wp-json\/wp\/v2\/pages\/2375\/revisions\/2377"}],"up":[{"embeddable":true,"href":"https:\/\/www.agenturagate.cz\/sk\/wp-json\/wp\/v2\/pages\/2349"}],"wp:attachment":[{"href":"https:\/\/www.agenturagate.cz\/sk\/wp-json\/wp\/v2\/media?parent=2375"}],"curies":[{"name":"wp","href":"https:\/\/api.w.org\/{rel}","templated":true}]}}