{"id":2379,"date":"2022-03-28T13:21:07","date_gmt":"2022-03-28T11:21:07","guid":{"rendered":"https:\/\/www.agenturagate.cz\/novinky-a-trendy\/"},"modified":"2022-05-02T08:56:18","modified_gmt":"2022-05-02T06:56:18","slug":"novinky-a-trendy","status":"publish","type":"page","link":"https:\/\/www.agenturagate.cz\/sk\/novinky-a-trendy\/","title":{"rendered":"Novinky a Trendy"},"content":{"rendered":"<p>[et_pb_section fb_built=&#8220;1&#8243; _builder_version=&#8220;4.16&#8243; _module_preset=&#8220;default&#8220; background_image=&#8220;https:\/\/www.agenturagate.cz\/wp-content\/uploads\/2022\/04\/puma_2_GG2-2.jpg&#8220; custom_padding=&#8220;||100px||false|false&#8220; global_colors_info=&#8220;{}&#8220;][et_pb_row _builder_version=&#8220;4.16&#8243; _module_preset=&#8220;default&#8220; global_colors_info=&#8220;{}&#8220;][et_pb_column type=&#8220;4_4&#8243; _builder_version=&#8220;4.16&#8243; _module_preset=&#8220;default&#8220; global_colors_info=&#8220;{}&#8220;][et_pb_text module_class=&#8220;heading&#8220; _builder_version=&#8220;4.16&#8243; _module_preset=&#8220;default&#8220; global_colors_info=&#8220;{}&#8220;]<\/p>\n<h1>Novinky<br \/><span class=\"fg-primary\">&amp; TRENDY<\/span><\/h1>\n<p>[\/et_pb_text][\/et_pb_column][\/et_pb_row][\/et_pb_section][et_pb_section fb_built=&#8220;1&#8243; module_class=&#8220;skew skew&#8211;novinky&#8220; _builder_version=&#8220;4.16&#8243; _module_preset=&#8220;default&#8220; background_color=&#8220;gcid-272884ea-4f7f-4770-bcdb-c59d0804d5dc&#8220; background_image=&#8220;https:\/\/www.agenturagate.cz\/wp-content\/uploads\/2022\/03\/C612-Bristvi-D11-to-HK-4_GG2-2.png&#8220; top_divider_color=&#8220;#FFFFFF&#8220; top_divider_height=&#8220;50px&#8220; top_divider_flip=&#8220;horizontal&#8220; bottom_divider_style=&#8220;slant&#8220; bottom_divider_color=&#8220;gcid-fe67e735-d805-4232-895a-1ced7bcc3c03&#8243; bottom_divider_height=&#8220;50px&#8220; bottom_divider_flip=&#8220;horizontal&#8220; global_colors_info=&#8220;{%22gcid-fe67e735-d805-4232-895a-1ced7bcc3c03%22:%91%22bottom_divider_color%22%93}&#8220;][et_pb_row column_structure=&#8220;1_2,1_2&#8243; _builder_version=&#8220;4.16&#8243; _module_preset=&#8220;default&#8220; global_colors_info=&#8220;{}&#8220;][et_pb_column type=&#8220;1_2&#8243; _builder_version=&#8220;4.16&#8243; _module_preset=&#8220;default&#8220; global_colors_info=&#8220;{}&#8220;][et_pb_blurb image=&#8220;https:\/\/www.agenturagate.cz\/wp-content\/uploads\/2022\/03\/Group-2547-1.png&#8220; icon_placement=&#8220;left&#8220; image_icon_width=&#8220;100%&#8220; module_class=&#8220;blurp&#8220; _builder_version=&#8220;4.17.3&#8243; _module_preset=&#8220;default&#8220; body_text_color=&#8220;#FFFFFF&#8220; global_colors_info=&#8220;{}&#8220;]<b><span class=\"fg-lightBlue\">aktu\u00e1lne<\/span><\/b> z agent\u00farneho diania[\/et_pb_blurb][et_pb_blurb image=&#8220;https:\/\/www.agenturagate.cz\/wp-content\/uploads\/2022\/03\/Group-2547-1.png&#8220; icon_placement=&#8220;left&#8220; module_class=&#8220;blurp&#8220; _builder_version=&#8220;4.17.3&#8243; _module_preset=&#8220;default&#8220; body_text_color=&#8220;#FFFFFF&#8220; global_colors_info=&#8220;{}&#8220;]<b><span class=\"fg-lightBlue\">zauj\u00edmavosti<\/span><\/b> zo sveta marketingu a salesu[\/et_pb_blurb][\/et_pb_column][et_pb_column type=&#8220;1_2&#8243; _builder_version=&#8220;4.16&#8243; _module_preset=&#8220;default&#8220; global_colors_info=&#8220;{}&#8220;][et_pb_blurb image=&#8220;https:\/\/www.agenturagate.cz\/wp-content\/uploads\/2022\/03\/Group-2547-1.png&#8220; icon_placement=&#8220;left&#8220; module_class=&#8220;blurp&#8220; _builder_version=&#8220;4.17.3&#8243; _module_preset=&#8220;default&#8220; body_text_color=&#8220;#FFFFFF&#8220; global_colors_info=&#8220;{}&#8220;]<b><span class=\"fg-lightBlue\">re\u00e1lne sk\u00fasenosti z praxe <\/span><\/b> a overen\u00fdch zdrojov[\/et_pb_blurb][et_pb_blurb image=&#8220;https:\/\/www.agenturagate.cz\/wp-content\/uploads\/2022\/03\/Group-2547-1.png&#8220; icon_placement=&#8220;left&#8220; module_class=&#8220;blurp&#8220; _builder_version=&#8220;4.17.3&#8243; _module_preset=&#8220;default&#8220; body_text_color=&#8220;#FFFFFF&#8220; global_colors_info=&#8220;{}&#8220;]<b><span class=\"fg-lightBlue\">na\u0161e n\u00e1zory<\/span><\/b> aj \u0161tipka know-how[\/et_pb_blurb][\/et_pb_column][\/et_pb_row][et_pb_row make_equal=&#8220;on&#8220; _builder_version=&#8220;4.16&#8243; _module_preset=&#8220;default&#8220; global_colors_info=&#8220;{}&#8220;][et_pb_column type=&#8220;4_4&#8243; module_class=&#8220;left-flex&#8220; _builder_version=&#8220;4.16&#8243; _module_preset=&#8220;default&#8220; global_colors_info=&#8220;{}&#8220;][et_pb_code _builder_version=&#8220;4.17.3&#8243; _module_preset=&#8220;default&#8220; hover_enabled=&#8220;0&#8243; global_colors_info=&#8220;{}&#8220; sticky_enabled=&#8220;0&#8243;]<a href=\"https:\/\/www.agenturagate.cz\/sk\/kontaktujte-nas\/\" class=\"btn btn--grow btn--grow--white\">Click &#038; Grow<\/a>[\/et_pb_code][\/et_pb_column][\/et_pb_row][\/et_pb_section][et_pb_section fb_built=&#8220;1&#8243; _builder_version=&#8220;4.16&#8243; _module_preset=&#8220;default&#8220; background_color=&#8220;gcid-fe67e735-d805-4232-895a-1ced7bcc3c03&#8243; bottom_divider_style=&#8220;slant&#8220; bottom_divider_color=&#8220;#FFFFFF&#8220; bottom_divider_height=&#8220;50px&#8220; bottom_divider_flip=&#8220;horizontal&#8220; global_colors_info=&#8220;{%22gcid-fe67e735-d805-4232-895a-1ced7bcc3c03%22:%91%22background_color%22%93}&#8220;][et_pb_row _builder_version=&#8220;4.16&#8243; _module_preset=&#8220;default&#8220; global_colors_info=&#8220;{}&#8220;][et_pb_column type=&#8220;4_4&#8243; _builder_version=&#8220;4.16&#8243; _module_preset=&#8220;default&#8220; global_colors_info=&#8220;{}&#8220;][et_pb_code _builder_version=&#8220;4.16&#8243; _module_preset=&#8220;default&#8220; global_colors_info=&#8220;{}&#8220;]<div class=\"news\"><div class=\"news__top\"><div class=\"news__pagination\"><span aria-current=\"page\" class=\"page-numbers current\">1<\/span>\n<a class=\"page-numbers\" href=\"https:\/\/www.agenturagate.cz\/sk\/wp-json\/wp\/v2\/pages\/2379\/page\/2\/\">2<\/a><\/div><form role=\"search\" autocomplete=\"off\" method=\"get\" action=\"https:\/\/www.agenturagate.cz\/sk\/\" class=\"search_bar__form\" _lpchecked=\"1\"><input type=\"text\" value=\"\" name=\"s\" placeholder=\"Hledat\" id=\"seach-input\"><button type=\"submit\"><svg xmlns=\"http:\/\/www.w3.org\/2000\/svg\" width=\"60\" height=\"60\" viewBox=\"0 0 60 60\"> <g id=\"Group_405\" data-name=\"Group 405\" transform=\"translate(517.417 5324.83)\"> <path id=\"Path_650\" data-name=\"Path 650\" d=\"M-498.059-5285.8a19.46,19.46,0,0,1-19.358-19.516,19.459,19.459,0,0,1,19.358-19.516,19.459,19.459,0,0,1,19.357,19.516A19.46,19.46,0,0,1-498.059-5285.8Zm0-36.9a17.337,17.337,0,0,0-17.246,17.388,17.337,17.337,0,0,0,17.246,17.387,17.337,17.337,0,0,0,17.246-17.387A17.337,17.337,0,0,0-498.059-5322.7Z\" fill=\"#fff\"\/> <path id=\"Path_651\" data-name=\"Path 651\" d=\"M-477.1-5283.109a1.049,1.049,0,0,1-.747-.312l-8.022-8.093a1.072,1.072,0,0,1,0-1.5,1.05,1.05,0,0,1,1.493,0l8.022,8.093a1.073,1.073,0,0,1,0,1.506A1.049,1.049,0,0,1-477.1-5283.109Z\" fill=\"#fff\"\/> <path id=\"Path_652\" data-name=\"Path 652\" d=\"M-458.909-5271.7l-5.323,5.367-15.116-15.24,5.323-5.367Z\" fill=\"red\"\/> <path id=\"Path_653\" data-name=\"Path 653\" d=\"M-464.233-5264.83l-16.608-16.746,6.816-6.872,16.608,16.745Zm-13.623-16.746,13.623,13.736,3.831-3.863-13.623-13.735Z\" fill=\"#fff\"\/> <\/g><\/svg><\/button><\/form><\/div><hr class=\"news__divider\"\/><div class=\"news__item\"><a class=\"news__thumb\" href=\"https:\/\/www.agenturagate.cz\/sk\/retail-sk\/tema-2-store-assessment\/\"><img decoding=\"async\" src=\"https:\/\/www.agenturagate.cz\/wp-content\/uploads\/2023\/01\/TOP-STUFF-2022_store_ass.png\" alt=\"thumb\"><\/a><div class=\"news__content\"><a href=\"https:\/\/www.agenturagate.cz\/sk\/retail-sk\/tema-2-store-assessment\/\"><h3>T\u00c9MA 2 | STORE ASSESSMENT<\/h3><\/a><p>V\u00a0p\u0159edchoz\u00edm t\u00e9matu jsme \u0159e\u0161ili, jak d\u016fle\u017eit\u00e9 je zn\u00e1t ka\u017ed\u00fd metr sv\u00e9 prodejny, a jak lze ka\u017ed\u00fd tento metr syst\u00e9mov\u011b \u0159\u00eddit. Dnes toto t\u00e9ma roz\u0161i\u0159ujeme a pod\u00edv\u00e1me se, co se d\u011bje na druh\u00e9 stran\u011b \u2013 na stran\u011b z\u00e1kazn\u00edka. Ka\u017ed\u00fd prodejn\u00ed prostor toti\u017e mus\u00ed b\u00fdt pro z\u00e1kazn\u00edka naprosto p\u0159ehledn\u00fd a srozumiteln\u00fd, a\u0165 u\u017e z\u00a0pohledu produktov\u00e9ho vystaven\u00ed, orientace [&hellip;]<\/p><div class=\"news__meta\"><span>AUTOR: gate<\/span><span>11. 1. 2023<\/span><span>Retail<\/span><\/div><\/div><\/div><hr class=\"news__divider\"\/><div class=\"news__item\"><a class=\"news__thumb\" href=\"https:\/\/www.agenturagate.cz\/sk\/retail\/udrzitelnost-v-retailu-trend-nebo-nutnost\/\"><img decoding=\"async\" src=\"https:\/\/www.agenturagate.cz\/wp-content\/uploads\/2022\/05\/sung-jin-cho-Hzlgz8t8Jug-unsplash-scaled.jpg\" alt=\"thumb\"><\/a><div class=\"news__content\"><a href=\"https:\/\/www.agenturagate.cz\/sk\/retail\/udrzitelnost-v-retailu-trend-nebo-nutnost\/\"><h3>UDR\u017dITELNOST V RETAILU: TREND, NEBO NUTNOST?<\/h3><\/a><p>Uspokojen\u00ed pot\u0159eb bez zat\u00ed\u017een\u00ed budouc\u00edch generac\u00ed je velk\u00e9 t\u00e9ma sou\u010dasnosti. T\u00fdk\u00e1 se i n\u00e1s? M\u016f\u017eeme k udr\u017eitelnosti p\u0159isp\u011bt sv\u00fdm d\u00edlem i my v maloobchod\u011b?<\/p><div class=\"news__meta\"><span>AUTOR: gate<\/span><span>25. 5. 2022<\/span><span>Retail<\/span><\/div><\/div><\/div><hr class=\"news__divider\"\/><div class=\"news__item\"><a class=\"news__thumb\" href=\"https:\/\/www.agenturagate.cz\/sk\/retail-sk\/4-nejaktualnejsi-smery-ktere-nesmi-chybet-ve-vasi-retailove-siti\/\"><img decoding=\"async\" src=\"https:\/\/www.agenturagate.cz\/wp-content\/uploads\/2022\/05\/freestocks-_3Q3tsJ01nc-unsplash-scaled.jpg\" alt=\"thumb\"><\/a><div class=\"news__content\"><a href=\"https:\/\/www.agenturagate.cz\/sk\/retail-sk\/4-nejaktualnejsi-smery-ktere-nesmi-chybet-ve-vasi-retailove-siti\/\"><h3>4 NEJAKTU\u00c1LN\u011aJ\u0160\u00cd SM\u011aRY, KTER\u00c9 NESM\u00cd CHYB\u011aT VE VA\u0160\u00cd RETAILOV\u00c9 S\u00cdTI<\/h3><\/a><p>Rostouc\u00ed n\u00e1klady spojen\u00e9 s opatrnost\u00ed spot\u0159ebitel\u016f budou pro retail v\u00fdzvou. Z\u00e1kazn\u00edci o\u010dek\u00e1vaj\u00ed v\u00edce ne\u017e kdykoli p\u0159edt\u00edm. Co n\u00e1s \u010dek\u00e1 a na co se p\u0159ipravit?<\/p><div class=\"news__meta\"><span>AUTOR: gate<\/span><span>18. 5. 2022<\/span><span>Retail<\/span><\/div><\/div><\/div><hr class=\"news__divider\"\/><div class=\"news__item\"><a class=\"news__thumb\" href=\"https:\/\/www.agenturagate.cz\/sk\/retail-sk\/euroshop-retaildesign-award-2022\/\"><img decoding=\"async\" src=\"https:\/\/www.agenturagate.cz\/wp-content\/uploads\/2022\/05\/Apple-Bay.jpg\" alt=\"thumb\"><\/a><div class=\"news__content\"><a href=\"https:\/\/www.agenturagate.cz\/sk\/retail-sk\/euroshop-retaildesign-award-2022\/\"><h3>EuroShop RetailDesign Award 2022<\/h3><\/a><p>EuroShop od roku 2008 v\u017edy celosv\u011btov\u011b vyhla\u0161oval 3 nejlep\u0161\u00ed designov\u00e9 koncepty prodejen. Leto\u0161n\u00ed rok v\u0161ak p\u0159inesl zm\u011bnu, a to v&nbsp;podob\u011b ud\u011blen\u00ed ocen\u011bn\u00ed v&nbsp;p\u011bti kategori\u00edch: Food (J\u00eddlo\/Gastro); Fashion &amp; Lifestyle (M\u00f3da a \u017eivotn\u00ed styl); Digital (Digit\u00e1ln\u00ed technologie); Hospitality (Pohostinstv\u00ed) a Sustainability (Udr\u017eitelnost). Tato zm\u011bna n\u00e1s pot\u011b\u0161ila hned ze dvou d\u016fvod\u016f. M\u016f\u017eeme vid\u011bt daleko rozmanit\u011bj\u0161\u00ed s\u00e9rii realizac\u00ed [&hellip;]<\/p><div class=\"news__meta\"><span>AUTOR: gate<\/span><span>5. 5. 2022<\/span><span>Retail<\/span><\/div><\/div><\/div><hr class=\"news__divider\"\/><div class=\"news__item\"><a class=\"news__thumb\" href=\"https:\/\/www.agenturagate.cz\/sk\/retail-sk\/kdyz-je-boure-vyzvou-aktualni-trendy-customer-experience-v-retailu\/\"><img decoding=\"async\" src=\"https:\/\/www.agenturagate.cz\/wp-content\/uploads\/2022\/05\/nastya-dulhiier-z6aShqJg0rI-unsplash-1-scaled.jpg\" alt=\"thumb\"><\/a><div class=\"news__content\"><a href=\"https:\/\/www.agenturagate.cz\/sk\/retail-sk\/kdyz-je-boure-vyzvou-aktualni-trendy-customer-experience-v-retailu\/\"><h3>KDY\u017d JE BOU\u0158E V\u00ddZVOU | Aktu\u00e1ln\u00ed trendy customer experience v retailu<\/h3><\/a><p>Zapojte interaktivn\u00ed technologie, promyslete Omnichannel strategii a hyper-personalizaci, inovujte slu\u017eby a pe\u010dujte o zam\u011bstnance! Bl\u00fdsk\u00e1 se v&nbsp;dob\u011b postcovidov\u00e9 na lep\u0161\u00ed \u010dasy? P\u0159i\u0161la jin\u00e1 bou\u0159e, tentokr\u00e1t na Ukrajin\u011b, a ekonomov\u00e9 optimismem neh\u00fd\u0159\u00ed. Sankce a politick\u00e1 rozhodnut\u00ed Z\u00e1padu budou m\u00edt sv\u00e9 d\u016fsledky a my si m\u016f\u017eeme jen p\u0159\u00e1t, aby se ekonomick\u00e9 turbulence odrazily v&nbsp;n\u00e1kupn\u00edm chov\u00e1n\u00ed z\u00e1kazn\u00edk\u016f a&nbsp;jejich [&hellip;]<\/p><div class=\"news__meta\"><span>AUTOR: gate<\/span><span>4. 5. 2022<\/span><span>Retail<\/span><\/div><\/div><\/div><hr class=\"news__divider\"\/><div class=\"news__item\"><a class=\"news__thumb\" href=\"https:\/\/www.agenturagate.cz\/sk\/retail-sk\/zaujat-zmerat-uviest-do-kontextu\/\"><img decoding=\"async\" src=\"https:\/\/www.agenturagate.cz\/wp-content\/uploads\/2022\/04\/zaujmout.webp\" alt=\"thumb\"><\/a><div class=\"news__content\"><a href=\"https:\/\/www.agenturagate.cz\/sk\/retail-sk\/zaujat-zmerat-uviest-do-kontextu\/\"><h3>Zauja\u0165, zmera\u0165, uvies\u0165 do\u00a0kontextu!<\/h3><\/a><p>Z\u00e1kaznick\u00fd z\u00e1\u017eitek (neboli customer experience) a&nbsp;digitalizace v&nbsp;m\u00edst\u011b prodeje&nbsp;je ji\u017e zn\u00e1m\u00fdm a&nbsp;st\u00e1le se rozv\u00edjej\u00edc\u00edm trendem. I&nbsp;p\u0159es nesn\u00e1ze spojen\u00e9 s&nbsp;Covidem-19 \u2013 nebo pr\u00e1v\u011b kv\u016fli nim \u2013 nasazuj\u00ed tuzemsk\u00e9 prodejny nejr\u016fzn\u011bj\u0161\u00ed technologie: od&nbsp;digital signage p\u0159es interaktivn\u00ed prvky jako prodejn\u00ed kiosky a&nbsp;programovan\u00e9 LED st\u011bny a\u017e po&nbsp;virtu\u00e1ln\u00ed \u010di&nbsp;augmentovanou realitu. Co se ale d\u011bje d\u00e1l? Kon\u010d\u00ed to v\u0161e instalac\u00ed t\u011bchto technologi\u00ed? [&hellip;]<\/p><div class=\"news__meta\"><span>AUTOR: gate<\/span><span>1. 1. 2021<\/span><span>Retail<\/span><\/div><\/div><\/div><hr class=\"news__divider\"\/><div class=\"news__pagination\"><span aria-current=\"page\" class=\"page-numbers current\">1<\/span>\n<a class=\"page-numbers\" href=\"https:\/\/www.agenturagate.cz\/sk\/wp-json\/wp\/v2\/pages\/2379\/page\/2\/\">2<\/a><\/div><\/div>[\/et_pb_code][\/et_pb_column][\/et_pb_row][\/et_pb_section]<\/p>\n","protected":false},"excerpt":{"rendered":"<p>[et_pb_section fb_built=&#8220;1&#8243; _builder_version=&#8220;4.16&#8243; _module_preset=&#8220;default&#8220; background_image=&#8220;https:\/\/www.agenturagate.cz\/wp-content\/uploads\/2022\/04\/puma_2_GG2-2.jpg&#8220; custom_padding=&#8220;||100px||false|false&#8220; global_colors_info=&#8220;{}&#8220;][et_pb_row _builder_version=&#8220;4.16&#8243; _module_preset=&#8220;default&#8220; global_colors_info=&#8220;{}&#8220;][et_pb_column type=&#8220;4_4&#8243; _builder_version=&#8220;4.16&#8243; _module_preset=&#8220;default&#8220; global_colors_info=&#8220;{}&#8220;][et_pb_text module_class=&#8220;heading&#8220; _builder_version=&#8220;4.16&#8243; _module_preset=&#8220;default&#8220; global_colors_info=&#8220;{}&#8220;] Novinky&amp; TRENDY [\/et_pb_text][\/et_pb_column][\/et_pb_row][\/et_pb_section][et_pb_section fb_built=&#8220;1&#8243; module_class=&#8220;skew skew&#8211;novinky&#8220; _builder_version=&#8220;4.16&#8243; _module_preset=&#8220;default&#8220; background_color=&#8220;gcid-272884ea-4f7f-4770-bcdb-c59d0804d5dc&#8220; background_image=&#8220;https:\/\/www.agenturagate.cz\/wp-content\/uploads\/2022\/03\/C612-Bristvi-D11-to-HK-4_GG2-2.png&#8220; top_divider_color=&#8220;#FFFFFF&#8220; top_divider_height=&#8220;50px&#8220; top_divider_flip=&#8220;horizontal&#8220; bottom_divider_style=&#8220;slant&#8220; bottom_divider_color=&#8220;gcid-fe67e735-d805-4232-895a-1ced7bcc3c03&#8243; bottom_divider_height=&#8220;50px&#8220; bottom_divider_flip=&#8220;horizontal&#8220; global_colors_info=&#8220;{%22gcid-fe67e735-d805-4232-895a-1ced7bcc3c03%22:%91%22bottom_divider_color%22%93}&#8220;][et_pb_row column_structure=&#8220;1_2,1_2&#8243; _builder_version=&#8220;4.16&#8243; _module_preset=&#8220;default&#8220; global_colors_info=&#8220;{}&#8220;][et_pb_column type=&#8220;1_2&#8243; _builder_version=&#8220;4.16&#8243; _module_preset=&#8220;default&#8220; global_colors_info=&#8220;{}&#8220;][et_pb_blurb image=&#8220;https:\/\/www.agenturagate.cz\/wp-content\/uploads\/2022\/03\/Group-2547-1.png&#8220; icon_placement=&#8220;left&#8220; image_icon_width=&#8220;100%&#8220; module_class=&#8220;blurp&#8220; _builder_version=&#8220;4.17.3&#8243; _module_preset=&#8220;default&#8220; body_text_color=&#8220;#FFFFFF&#8220; global_colors_info=&#8220;{}&#8220;]aktu\u00e1lne z agent\u00farneho diania[\/et_pb_blurb][et_pb_blurb [&hellip;]<\/p>\n","protected":false},"author":1,"featured_media":0,"parent":0,"menu_order":0,"comment_status":"closed","ping_status":"closed","template":"","meta":{"_acf_changed":false,"_et_pb_use_builder":"on","_et_pb_old_content":"<!-- wp:divi\/placeholder \/-->","_et_gb_content_width":"","footnotes":""},"class_list":["post-2379","page","type-page","status-publish","hentry"],"acf":[],"_links":{"self":[{"href":"https:\/\/www.agenturagate.cz\/sk\/wp-json\/wp\/v2\/pages\/2379","targetHints":{"allow":["GET"]}}],"collection":[{"href":"https:\/\/www.agenturagate.cz\/sk\/wp-json\/wp\/v2\/pages"}],"about":[{"href":"https:\/\/www.agenturagate.cz\/sk\/wp-json\/wp\/v2\/types\/page"}],"author":[{"embeddable":true,"href":"https:\/\/www.agenturagate.cz\/sk\/wp-json\/wp\/v2\/users\/1"}],"replies":[{"embeddable":true,"href":"https:\/\/www.agenturagate.cz\/sk\/wp-json\/wp\/v2\/comments?post=2379"}],"version-history":[{"count":3,"href":"https:\/\/www.agenturagate.cz\/sk\/wp-json\/wp\/v2\/pages\/2379\/revisions"}],"predecessor-version":[{"id":2545,"href":"https:\/\/www.agenturagate.cz\/sk\/wp-json\/wp\/v2\/pages\/2379\/revisions\/2545"}],"wp:attachment":[{"href":"https:\/\/www.agenturagate.cz\/sk\/wp-json\/wp\/v2\/media?parent=2379"}],"curies":[{"name":"wp","href":"https:\/\/api.w.org\/{rel}","templated":true}]}}