{"id":2387,"date":"2022-03-26T09:48:01","date_gmt":"2022-03-26T08:48:01","guid":{"rendered":"https:\/\/www.agenturagate.cz\/kariera\/"},"modified":"2022-05-01T13:01:53","modified_gmt":"2022-05-01T11:01:53","slug":"kariera","status":"publish","type":"page","link":"https:\/\/www.agenturagate.cz\/sk\/kariera\/","title":{"rendered":"Kari\u00e9ra"},"content":{"rendered":"<p>[et_pb_section fb_built=&#8220;1&#8243; _builder_version=&#8220;4.16&#8243; _module_preset=&#8220;default&#8220; custom_padding=&#8220;||80px||false|false&#8220; bottom_divider_style=&#8220;slant&#8220; bottom_divider_color=&#8220;gcid-fe67e735-d805-4232-895a-1ced7bcc3c03&#8243; bottom_divider_height=&#8220;50px&#8220; bottom_divider_flip=&#8220;horizontal&#8220; global_colors_info=&#8220;{%22gcid-fe67e735-d805-4232-895a-1ced7bcc3c03%22:%91%22bottom_divider_color%22%93}&#8220;][et_pb_row _builder_version=&#8220;4.16&#8243; _module_preset=&#8220;default&#8220; global_colors_info=&#8220;{}&#8220;][et_pb_column type=&#8220;4_4&#8243; _builder_version=&#8220;4.16&#8243; _module_preset=&#8220;default&#8220; global_colors_info=&#8220;{}&#8220;][et_pb_text module_class=&#8220;heading&#8220; _builder_version=&#8220;4.17.3&#8243; _module_preset=&#8220;default&#8220; hover_enabled=&#8220;0&#8243; global_colors_info=&#8220;{}&#8220; sticky_enabled=&#8220;0&#8243;]<\/p>\n<h1>MO\u017dNO \u017dE AJ VA\u0160A <br \/><span class=\"fg-primary\">KARI\u00c9RA<br \/><\/span>POKRA\u010cUJE U N\u00c1S<\/h1>\n<p>[\/et_pb_text][\/et_pb_column][\/et_pb_row][\/et_pb_section][et_pb_section fb_built=&#8220;1&#8243; _builder_version=&#8220;4.16&#8243; _module_preset=&#8220;default&#8220; background_color=&#8220;gcid-fe67e735-d805-4232-895a-1ced7bcc3c03&#8243; custom_padding=&#8220;||||true|false&#8220; top_divider_flip=&#8220;horizontal&#8220; global_colors_info=&#8220;{%22gcid-fe67e735-d805-4232-895a-1ced7bcc3c03%22:%91%22background_color%22%93}&#8220;][et_pb_row column_structure=&#8220;3_4,1_4&#8243; make_equal=&#8220;on&#8220; _builder_version=&#8220;4.16&#8243; _module_preset=&#8220;default&#8220; global_colors_info=&#8220;{}&#8220;][et_pb_column type=&#8220;3_4&#8243; _builder_version=&#8220;4.16&#8243; _module_preset=&#8220;default&#8220; global_colors_info=&#8220;{}&#8220;][et_pb_blurb title=&#8220;N\u00e1jdi si svoje miesto u n\u00e1s!&#8220; image=&#8220;https:\/\/www.agenturagate.cz\/wp-content\/uploads\/2022\/03\/Group-2547-1.png&#8220; icon_placement=&#8220;left&#8220; image_icon_width=&#8220;150%&#8220; module_class=&#8220;blurp blurp&#8211;no-margin&#8220; _builder_version=&#8220;4.17.3&#8243; _module_preset=&#8220;default&#8220; header_text_color=&#8220;#FFFFFF&#8220; body_text_color=&#8220;#FFFFFF&#8220; custom_margin=&#8220;|0px||0px|false|true&#8220; custom_padding=&#8220;|0px||0px|false|true&#8220; hover_enabled=&#8220;0&#8243; border_radii_image_last_edited=&#8220;off|desktop&#8220; global_colors_info=&#8220;{}&#8220; sticky_enabled=&#8220;0&#8243;]<\/p>\n<p>Tvor\u00edme skvel\u00fd kolekt\u00edv s r\u00f4znorod\u00fdm know-how. Pokia\u013e vie\u0161 \u010doko\u013evek z oblasti marketingu, account managementu, grafick\u00e9ho dizajnu, produkcie alebo jednoducho r\u00e1d pracuje\u0161 v ter\u00e9ne, po\u0161li n\u00e1m svoje CV a mo\u017eno sa od seba navz\u00e1jom m\u00f4\u017eeme u\u010di\u0165.<\/p>\n<p>[\/et_pb_blurb][\/et_pb_column][et_pb_column type=&#8220;1_4&#8243; _builder_version=&#8220;4.16&#8243; _module_preset=&#8220;default&#8220; global_colors_info=&#8220;{}&#8220;][et_pb_image src=&#8220;https:\/\/www.agenturagate.cz\/wp-content\/uploads\/2022\/03\/Group-2282.png&#8220; title_text=&#8220;Group 2282&#8243; _builder_version=&#8220;4.16&#8243; _module_preset=&#8220;default&#8220; height=&#8220;100px&#8220; global_colors_info=&#8220;{}&#8220;][\/et_pb_image][\/et_pb_column][\/et_pb_row][\/et_pb_section][et_pb_section fb_built=&#8220;1&#8243; _builder_version=&#8220;4.16&#8243; _module_preset=&#8220;default&#8220; background_color=&#8220;gcid-272884ea-4f7f-4770-bcdb-c59d0804d5dc&#8220; background_image=&#8220;https:\/\/www.agenturagate.cz\/wp-content\/uploads\/2022\/03\/C612-Bristvi-D11-to-HK-4_GG2-2.png&#8220; custom_padding=&#8220;80px||80px||true|false&#8220; top_divider_style=&#8220;slant&#8220; top_divider_color=&#8220;gcid-fe67e735-d805-4232-895a-1ced7bcc3c03&#8243; top_divider_height=&#8220;50px&#8220; top_divider_flip=&#8220;horizontal&#8220; bottom_divider_style=&#8220;slant&#8220; bottom_divider_color=&#8220;#FFFFFF&#8220; bottom_divider_height=&#8220;50px&#8220; bottom_divider_flip=&#8220;horizontal&#8220; global_colors_info=&#8220;{%22gcid-fe67e735-d805-4232-895a-1ced7bcc3c03%22:%91%22top_divider_color%22%93,%22gcid-272884ea-4f7f-4770-bcdb-c59d0804d5dc%22:%91%22background_color%22%93}&#8220;][et_pb_row _builder_version=&#8220;4.16&#8243; _module_preset=&#8220;default&#8220; global_colors_info=&#8220;{}&#8220;][et_pb_column type=&#8220;4_4&#8243; _builder_version=&#8220;4.16&#8243; _module_preset=&#8220;default&#8220; global_colors_info=&#8220;{}&#8220;][et_pb_text _builder_version=&#8220;4.17.3&#8243; _module_preset=&#8220;default&#8220; text_text_color=&#8220;#FFFFFF&#8220; hover_enabled=&#8220;0&#8243; global_colors_info=&#8220;{}&#8220; sticky_enabled=&#8220;0&#8243;]<\/p>\n<h3 class=\"fg-secondary\">Nap\u00ed\u0161te n\u00e1m, \u010do n\u00e1m m\u00f4\u017eete prinies\u0165\u2026<\/h3>\n<p>A my zodpovieme, \u010do v\u00e1m za to m\u00f4\u017eeme da\u0165<\/p>\n<p>[\/et_pb_text][et_pb_code _builder_version=&#8220;4.17.3&#8243; _module_preset=&#8220;default&#8220; hover_enabled=&#8220;0&#8243; global_colors_info=&#8220;{}&#8220; sticky_enabled=&#8220;0&#8243;]<div class='fluentform ff-default fluentform_wrapper_6 ffs_custom_wrap'><form data-form_id=\"6\" id=\"fluentform_6\" class=\"frm-fluent-form fluent_form_6 ff-el-form-top ff_form_instance_6_1 ff-form-loading contact-form ffs_custom\" data-form_instance=\"ff_form_instance_6_1\" method=\"POST\" ><fieldset  style=\"border: none!important;margin: 0!important;padding: 0!important;background-color: transparent!important;box-shadow: none!important;outline: none!important; min-inline-size: 100%;\">\n                    <legend class=\"ff_screen_reader_title\" style=\"display: block; margin: 0!important;padding: 0!important;height: 0!important;text-indent: -999999px;width: 0!important;overflow:hidden;\">Kari\u00e9ra - SK<\/legend><input type='hidden' name='__fluent_form_embded_post_id' value='2387' \/><input type=\"hidden\" id=\"_fluentform_6_fluentformnonce\" name=\"_fluentform_6_fluentformnonce\" value=\"9b852dec41\" \/><input type=\"hidden\" name=\"_wp_http_referer\" value=\"\/sk\/wp-json\/wp\/v2\/pages\/2387\" \/><div data-name=\"ff_cn_id_1\"  class='ff-t-container ff-column-container ff_columns_total_2 '><div class='ff-t-cell ff-t-column-1' style='flex-basis: 50%;'><div data-type=\"name-element\" data-name=\"names\" class=\" ff-field_container ff-name-field-wrapper\" ><div class='ff-t-container'><div class='ff-t-cell '><div class='ff-el-group  ff-el-form-hide_label'><div class=\"ff-el-input--label ff-el-is-required asterisk-right\"><label for='ff_6_names_first_name_' id='label_ff_6_names_first_name_' >Va\u0161e meno<\/label><\/div><div class='ff-el-input--content'><input type=\"text\" name=\"names[first_name]\" id=\"ff_6_names_first_name_\" class=\"ff-el-form-control\" placeholder=\"Va\u0161e meno\" aria-invalid=\"false\" aria-required=true><\/div><\/div><\/div><\/div><\/div><\/div><div class='ff-t-cell ff-t-column-2' style='flex-basis: 50%;'><div class='ff-el-group ff-el-form-hide_label'><div class=\"ff-el-input--label ff-el-is-required asterisk-right\"><label for='ff_6_email' id='label_ff_6_email' aria-label=\"V\u00e1\u0161 e-mail\">V\u00e1\u0161 e-mail<\/label><\/div><div class='ff-el-input--content'><input type=\"email\" name=\"email\" id=\"ff_6_email\" class=\"ff-el-form-control\" placeholder=\"V\u00e1\u0161 e-mail\" data-name=\"email\"  aria-invalid=\"false\" aria-required=true><\/div><\/div><\/div><\/div><div data-name=\"ff_cn_id_2\"  class='ff-t-container ff-column-container ff_columns_total_2 '><div class='ff-t-cell ff-t-column-1' style='flex-basis: 50%;'><div class='ff-el-group ff-el-form-hide_label'><div class=\"ff-el-input--label ff-el-is-required asterisk-right\"><label for='ff_6_message_subject' id='label_ff_6_message_subject' aria-label=\"Predmet spr\u00e1vy\">Predmet spr\u00e1vy<\/label><\/div><div class='ff-el-input--content'><input type=\"text\" name=\"message_subject\" class=\"ff-el-form-control\" placeholder=\"P\u0159edm\u011bt zpr\u00e1vy\" data-name=\"message_subject\" id=\"ff_6_message_subject\"  aria-invalid=\"false\" aria-required=true><\/div><\/div><\/div><div class='ff-t-cell ff-t-column-2' style='flex-basis: 50%;'><div class='ff-el-group ff-el-form-hide_label'><div class=\"ff-el-input--label asterisk-right\"><label for='ff_6_file-upload_1' id='label_ff_6_file-upload_1' aria-label=\"CV, Portfolio\">CV, Portfolio<\/label><\/div><div class='ff-el-input--content'><label for='ff_6_file-upload_1' class='ff_file_upload_holder'><span class='ff_upload_btn ff-btn' tabindex='0'>Po\u0161lite n\u00e1m CV, portf\u00f3lio<\/span> <input type=\"file\" name=\"file-upload\" id=\"ff_6_file-upload_1\" class=\"ff-el-form-control  ff-screen-reader-element\" data-name=\"file-upload\" multiple=\"1\"  aria-invalid='false' aria-required=false><\/label><\/div><\/div><\/div><\/div><div class='ff-el-group ff-el-form-hide_label'><div class=\"ff-el-input--label ff-el-is-required asterisk-right\"><label for='ff_6_message' id='label_ff_6_message' aria-label=\"Va\u0161a spr\u00e1va\">Va\u0161a spr\u00e1va<\/label><\/div><div class='ff-el-input--content'><textarea aria-required=\"true\" aria-labelledby=\"label_ff_6_message\" name=\"message\" id=\"ff_6_message\" class=\"ff-el-form-control\" placeholder=\"Va\u0161e zpr\u00e1va\" rows=\"4\" cols=\"2\" data-name=\"message\" ><\/textarea><\/div><\/div><div data-name=\"ff_cn_id_3\"  class='ff-t-container ff-column-container ff_columns_total_2 '><div class='ff-t-cell ff-t-column-1' style='flex-basis: 50%;'><div class='ff-el-group  form__gdpr  ff-el-input--content'><div class='ff-el-form-check ff-el-tc'><label aria-label='Podmienky: S\u00fahlas\u00edm so spracovan\u00edm osobn\u00fdch \u00fadajov, ktor\u00e9 je v s\u00falade s nariaden\u00edm GDPR. Viac inform\u00e1ci\u00ed o tom, ako a na ak\u00e9 \u00fa\u010dely GATE Slovakia spracov\u00e1va osobn\u00e9 \u00fadaje, n\u00e1jdete TU.. Obsahuje 1 odkaz. Na presk\u00famanie pou\u017eite navig\u00e1ciu pomocou karty.' class='ff-el-form-check-label ff_tc_label' for=gdpr-agreement_aeaa02bae396e6bda4c2c2060fbcc408><span class='ff_tc_checkbox'><input type=\"checkbox\" name=\"gdpr-agreement\" class=\"ff-el-form-check-input ff_gdpr_field\" data-name=\"gdpr-agreement\" id=\"gdpr-agreement_aeaa02bae396e6bda4c2c2060fbcc408\"  value='on' aria-invalid='false' aria-required=true><\/span> <div class='ff_t_c'>S\u00fahlas\u00edm so spracovan\u00edm osobn\u00fdch \u00fadajov, ktor\u00e9 je v s\u00falade s nariaden\u00edm GDPR. Viac inform\u00e1ci\u00ed o tom, ako a na ak\u00e9 \u00fa\u010dely GATE Slovakia spracov\u00e1va osobn\u00e9 \u00fadaje, <a href=\"https:\/\/www.agenturagate.cz\/sk\/gdpr\/\">n\u00e1jdete TU.<\/a>.<\/div><\/label><\/div><\/div><\/div><div class='ff-t-cell ff-t-column-2' style='flex-basis: 50%;'><div class='ff-el-group ff-text-right ff_submit_btn_wrapper ff_submit_btn_wrapper_custom'><button class=\"ff-btn ff-btn-submit ff-btn-md btn btn--send ff_btn_no_style\" type=\"submit\" name=\"custom_submit_button-6_1\" data-name=\"custom_submit_button-6_1\"  aria-label=\"Odosla\u0165\">Odosla\u0165<\/button><\/div><\/div><\/div><\/fieldset><\/form><div id='fluentform_6_errors' class='ff-errors-in-stack ff_form_instance_6_1 ff-form-loading_errors ff_form_instance_6_1_errors'><\/div><\/div>            <script type=\"text\/javascript\">\n                window.fluent_form_ff_form_instance_6_1 = {\"id\":\"6\",\"settings\":{\"layout\":{\"labelPlacement\":\"top\",\"helpMessagePlacement\":\"with_label\",\"errorMessagePlacement\":\"inline\",\"asteriskPlacement\":\"asterisk-right\"},\"id\":\"39\",\"restrictions\":{\"denyEmptySubmission\":{\"enabled\":false}}},\"form_instance\":\"ff_form_instance_6_1\",\"form_id_selector\":\"fluentform_6\",\"rules\":{\"names[first_name]\":{\"required\":{\"value\":true,\"message\":\"Toto pole je vy\\u017eadov\\u00e1no\"}},\"names[middle_name]\":{\"required\":{\"value\":false,\"message\":\"This field is required\"}},\"names[last_name]\":{\"required\":{\"value\":false,\"message\":\"This field is required\"}},\"email\":{\"required\":{\"value\":true,\"message\":\"Toto pole je vy\\u017eadov\\u00e1no\"},\"email\":{\"value\":true,\"message\":\"Zadan\\u00fd email nen\\u00ed ve spr\\u00e1vn\\u00e9m form\\u00e1tu\"}},\"message_subject\":{\"required\":{\"value\":true,\"message\":\"Toto pole je vy\\u017eadov\\u00e1no\"}},\"file-upload\":{\"required\":{\"value\":false,\"message\":\"This field is required\"},\"max_file_size\":{\"value\":20971520,\"_valueFrom\":\"MB\",\"message\":\"Maxim\\u00e1ln\\u00ed povolen\\u00e1 velikost je 20 MB\"},\"max_file_count\":{\"value\":\"10\",\"message\":\"M\\u016f\\u017eete nahr\\u00e1t maxim\\u00e1ln\\u011b 10 soubor\\u016f\"},\"allowed_file_types\":{\"value\":[\"jpg|jpeg|gif|png|bmp\",\"pdf\",\"doc|ppt|pps|xls|mdb|docx|xlsx|pptx|odt|odp|ods|odg|odc|odb|odf|rtf|txt\"],\"message\":\"Nepodporovan\\u00fd form\\u00e1t souboru\"}},\"message\":{\"required\":{\"value\":true,\"message\":\"Toto pole je vy\\u017eadov\\u00e1no\"}},\"gdpr-agreement\":{\"required\":{\"value\":true,\"message\":\"Toto pole je vy\\u017eadov\\u00e1no\"}}},\"debounce_time\":300};\n                            <\/script>\n            [\/et_pb_code][\/et_pb_column][\/et_pb_row][\/et_pb_section]<\/p>\n","protected":false},"excerpt":{"rendered":"<p>MO\u017dNO \u017dE AJ VA\u0160A KARI\u00c9RAPOKRA\u010cUJE U N\u00c1STvor\u00edme skvel\u00fd kolekt\u00edv s r\u00f4znorod\u00fdm know-how. Pokia\u013e vie\u0161 \u010doko\u013evek z oblasti marketingu, account managementu, grafick\u00e9ho dizajnu, produkcie alebo jednoducho r\u00e1d pracuje\u0161 v ter\u00e9ne, po\u0161li n\u00e1m svoje CV a mo\u017eno sa od seba navz\u00e1jom m\u00f4\u017eeme u\u010di\u0165.Nap\u00ed\u0161te n\u00e1m, \u010do n\u00e1m m\u00f4\u017eete prinies\u0165\u2026 A my zodpovieme, \u010do v\u00e1m za to m\u00f4\u017eeme da\u0165<\/p>\n","protected":false},"author":1,"featured_media":0,"parent":0,"menu_order":0,"comment_status":"closed","ping_status":"closed","template":"","meta":{"_acf_changed":false,"_et_pb_use_builder":"on","_et_pb_old_content":"","_et_gb_content_width":"","footnotes":""},"class_list":["post-2387","page","type-page","status-publish","hentry"],"acf":[],"_links":{"self":[{"href":"https:\/\/www.agenturagate.cz\/sk\/wp-json\/wp\/v2\/pages\/2387","targetHints":{"allow":["GET"]}}],"collection":[{"href":"https:\/\/www.agenturagate.cz\/sk\/wp-json\/wp\/v2\/pages"}],"about":[{"href":"https:\/\/www.agenturagate.cz\/sk\/wp-json\/wp\/v2\/types\/page"}],"author":[{"embeddable":true,"href":"https:\/\/www.agenturagate.cz\/sk\/wp-json\/wp\/v2\/users\/1"}],"replies":[{"embeddable":true,"href":"https:\/\/www.agenturagate.cz\/sk\/wp-json\/wp\/v2\/comments?post=2387"}],"version-history":[{"count":3,"href":"https:\/\/www.agenturagate.cz\/sk\/wp-json\/wp\/v2\/pages\/2387\/revisions"}],"predecessor-version":[{"id":2390,"href":"https:\/\/www.agenturagate.cz\/sk\/wp-json\/wp\/v2\/pages\/2387\/revisions\/2390"}],"wp:attachment":[{"href":"https:\/\/www.agenturagate.cz\/sk\/wp-json\/wp\/v2\/media?parent=2387"}],"curies":[{"name":"wp","href":"https:\/\/api.w.org\/{rel}","templated":true}]}}