{"id":2400,"date":"2022-03-27T13:32:32","date_gmt":"2022-03-27T11:32:32","guid":{"rendered":"https:\/\/www.agenturagate.cz\/realizovane-projekty\/"},"modified":"2022-05-01T13:09:33","modified_gmt":"2022-05-01T11:09:33","slug":"realizovane-projekty","status":"publish","type":"page","link":"https:\/\/www.agenturagate.cz\/sk\/realizovane-projekty\/","title":{"rendered":"Realizovan\u00e9 projekty"},"content":{"rendered":"\n\n[et_pb_section fb_built=&#8220;1&#8243; _builder_version=&#8220;4.15.1&#8243; _module_preset=&#8220;default&#8220; bottom_divider_style=&#8220;slant&#8220; bottom_divider_color=&#8220;gcid-fe67e735-d805-4232-895a-1ced7bcc3c03&#8243; bottom_divider_height=&#8220;50px&#8220; bottom_divider_flip=&#8220;horizontal&#8220; global_colors_info=&#8220;{%22gcid-fe67e735-d805-4232-895a-1ced7bcc3c03%22:%91%22bottom_divider_color%22%93}&#8220;][et_pb_row _builder_version=&#8220;4.15.1&#8243; _module_preset=&#8220;default&#8220; global_colors_info=&#8220;{}&#8220;][et_pb_column type=&#8220;4_4&#8243; _builder_version=&#8220;4.15.1&#8243; _module_preset=&#8220;default&#8220; global_colors_info=&#8220;{}&#8220;][et_pb_text module_class=&#8220;heading&#8220; _builder_version=&#8220;4.15.1&#8243; _module_preset=&#8220;default&#8220; global_colors_info=&#8220;{}&#8220;]<h1>REALIZOVAN\u00c9<br \/><span class=\"fg-primary\">PROJEKTY<\/span><\/h1>[\/et_pb_text][\/et_pb_column][\/et_pb_row][\/et_pb_section][et_pb_section fb_built=&#8220;1&#8243; _builder_version=&#8220;4.15.1&#8243; _module_preset=&#8220;default&#8220; background_color=&#8220;gcid-fe67e735-d805-4232-895a-1ced7bcc3c03&#8243; custom_padding=&#8220;||||true|false&#8220; global_colors_info=&#8220;{%22gcid-fe67e735-d805-4232-895a-1ced7bcc3c03%22:%91%22background_color%22%93}&#8220;][et_pb_row column_structure=&#8220;1_4,1_4,1_4,1_4&#8243; admin_label=&#8220;Filtry&#8220; _builder_version=&#8220;4.15.1&#8243; _module_preset=&#8220;default&#8220; global_colors_info=&#8220;{}&#8220;][et_pb_column type=&#8220;1_4&#8243; _builder_version=&#8220;4.15.1&#8243; _module_preset=&#8220;default&#8220; global_colors_info=&#8220;{}&#8220;][et_pb_blurb title=&#8220;RETAIL&#8220; url=&#8220;@ET-DC@eyJkeW5hbWljIjp0cnVlLCJjb250ZW50IjoicG9zdF9saW5rX3VybF9wYWdlIiwic2V0dGluZ3MiOnsicG9zdF9pZCI6IjcxNCJ9fQ==@&#8220; image=&#8220;https:\/\/www.agenturagate.cz\/wp-content\/uploads\/2022\/03\/Group-2580.png&#8220; image_icon_width=&#8220;50%&#8220; _builder_version=&#8220;4.15.1&#8243; _dynamic_attributes=&#8220;url&#8220; _module_preset=&#8220;default&#8220; header_text_color=&#8220;#FFFFFF&#8220; text_orientation=&#8220;center&#8220; global_colors_info=&#8220;{}&#8220;][\/et_pb_blurb][\/et_pb_column][et_pb_column type=&#8220;1_4&#8243; _builder_version=&#8220;4.15.1&#8243; _module_preset=&#8220;default&#8220; global_colors_info=&#8220;{}&#8220;][et_pb_blurb title=&#8220;DIGITAL STORE&#8220; url=&#8220;@ET-DC@eyJkeW5hbWljIjp0cnVlLCJjb250ZW50IjoicG9zdF9saW5rX3VybF9wYWdlIiwic2V0dGluZ3MiOnsicG9zdF9pZCI6IjczNyJ9fQ==@&#8220; image=&#8220;https:\/\/www.agenturagate.cz\/wp-content\/uploads\/2022\/03\/Group-2581.png&#8220; image_icon_width=&#8220;50%&#8220; _builder_version=&#8220;4.15.1&#8243; _dynamic_attributes=&#8220;url&#8220; _module_preset=&#8220;default&#8220; header_text_color=&#8220;#FFFFFF&#8220; text_orientation=&#8220;center&#8220; global_colors_info=&#8220;{}&#8220;][\/et_pb_blurb][\/et_pb_column][et_pb_column type=&#8220;1_4&#8243; _builder_version=&#8220;4.15.1&#8243; _module_preset=&#8220;default&#8220; global_colors_info=&#8220;{}&#8220;][et_pb_blurb title=&#8220;LOYALTY&#8220; url=&#8220;@ET-DC@eyJkeW5hbWljIjp0cnVlLCJjb250ZW50IjoicG9zdF9saW5rX3VybF9wYWdlIiwic2V0dGluZ3MiOnsicG9zdF9pZCI6IjczOCJ9fQ==@&#8220; image=&#8220;https:\/\/www.agenturagate.cz\/wp-content\/uploads\/2022\/03\/Group-2582.png&#8220; image_icon_width=&#8220;50%&#8220; _builder_version=&#8220;4.15.1&#8243; _dynamic_attributes=&#8220;url&#8220; _module_preset=&#8220;default&#8220; header_text_color=&#8220;#FFFFFF&#8220; text_orientation=&#8220;center&#8220; global_colors_info=&#8220;{}&#8220;][\/et_pb_blurb][\/et_pb_column][et_pb_column type=&#8220;1_4&#8243; _builder_version=&#8220;4.15.1&#8243; _module_preset=&#8220;default&#8220; global_colors_info=&#8220;{}&#8220;][et_pb_blurb title=&#8220;ACTIVATION&#8220; url=&#8220;@ET-DC@eyJkeW5hbWljIjp0cnVlLCJjb250ZW50IjoicG9zdF9saW5rX3VybF9wYWdlIiwic2V0dGluZ3MiOnsicG9zdF9pZCI6IjczOSJ9fQ==@&#8220; image=&#8220;https:\/\/www.agenturagate.cz\/wp-content\/uploads\/2022\/03\/Group-2584.png&#8220; image_icon_width=&#8220;50%&#8220; _builder_version=&#8220;4.15.1&#8243; _dynamic_attributes=&#8220;url&#8220; _module_preset=&#8220;default&#8220; header_text_color=&#8220;#FFFFFF&#8220; text_orientation=&#8220;center&#8220; global_colors_info=&#8220;{}&#8220;][\/et_pb_blurb][\/et_pb_column][\/et_pb_row][\/et_pb_section][et_pb_section fb_built=&#8220;1&#8243; _builder_version=&#8220;4.15.1&#8243; _module_preset=&#8220;default&#8220; background_color=&#8220;gcid-272884ea-4f7f-4770-bcdb-c59d0804d5dc&#8220; top_divider_style=&#8220;slant&#8220; top_divider_color=&#8220;gcid-fe67e735-d805-4232-895a-1ced7bcc3c03&#8243; top_divider_height=&#8220;50px&#8220; top_divider_flip=&#8220;horizontal&#8220; global_colors_info=&#8220;{%22gcid-fe67e735-d805-4232-895a-1ced7bcc3c03%22:%91%22top_divider_color%22%93}&#8220;][et_pb_row admin_label=&#8220;P\u0159\u00edsp\u011bvky&#8220; _builder_version=&#8220;4.15.1&#8243; _module_preset=&#8220;default&#8220; global_colors_info=&#8220;{}&#8220;][et_pb_column type=&#8220;4_4&#8243; _builder_version=&#8220;4.15.1&#8243; _module_preset=&#8220;default&#8220; global_colors_info=&#8220;{}&#8220;][et_pb_code _builder_version=&#8220;4.15.1&#8243; _module_preset=&#8220;default&#8220; global_colors_info=&#8220;{}&#8220;]\r\n<div class=\"projects__pagination projects__pagination--top\">\r\n    <span aria-current=\"page\" class=\"page-numbers current\">1<\/span>\n<a class=\"page-numbers\" href=\"https:\/\/www.agenturagate.cz\/sk\/wp-json\/wp\/v2\/pages\/2400\/page\/2\/\">2<\/a>\n<a class=\"next page-numbers\" href=\"https:\/\/www.agenturagate.cz\/sk\/wp-json\/wp\/v2\/pages\/2400\/page\/2\/\">\u010ealej &raquo;<\/a><\/div>\r\n<div class=\"projects\">\r\n    <div class=\"projects_grid__item projects_grid__item--sm\">\r\n            <a href=\"https:\/\/www.agenturagate.cz\/sk\/project\/rebranding-cerpacich-stanic-mol\/\" class=\"projects_grid__item__thumb\">\r\n            <img loading=\"lazy\" decoding=\"async\" width=\"2048\" height=\"1536\" src=\"https:\/\/www.agenturagate.cz\/wp-content\/uploads\/2022\/04\/gate-mol.webp\" class=\"attachment-post-thumbnail size-post-thumbnail wp-post-image\" alt=\"\" srcset=\"https:\/\/www.agenturagate.cz\/wp-content\/uploads\/2022\/04\/gate-mol.webp 2048w, https:\/\/www.agenturagate.cz\/wp-content\/uploads\/2022\/04\/gate-mol-1280x960.webp 1280w, https:\/\/www.agenturagate.cz\/wp-content\/uploads\/2022\/04\/gate-mol-980x735.webp 980w, https:\/\/www.agenturagate.cz\/wp-content\/uploads\/2022\/04\/gate-mol-480x360.webp 480w\" sizes=\"(min-width: 0px) and (max-width: 480px) 480px, (min-width: 481px) and (max-width: 980px) 980px, (min-width: 981px) and (max-width: 1280px) 1280px, (min-width: 1281px) 2048px, 100vw\" \/>        <\/a>\r\n            <div class=\"projects_grid__content\">\r\n        <a href=\"https:\/\/www.agenturagate.cz\/sk\/project\/rebranding-cerpacich-stanic-mol\/\">\r\n            <h3>Rebranding \u010derpac\u00edch stan\u00edc MOL<\/h3>\r\n        <\/a>\r\n        <div class=\"projects_grid__content__more closed\">\r\n            <p><p>Obliekame \u010derpacie stanice MOL a\u00a0Papoil do\u00a0nov\u00e9ho. Od\u00a0roku 2015 sme ich prebrandovali celkom 233.<\/p>\n<\/p>\r\n            <div>\r\n                <a href=\"https:\/\/www.agenturagate.cz\/sk\/project\/rebranding-cerpacich-stanic-mol\/\" class=\"btn btn--secondary btn--sm\">\r\n                    Learn more                <\/a>\r\n            <\/div>\r\n        <\/div>\r\n            <\/div>\r\n<\/div><div class=\"projects_grid__item projects_grid__item--sm\">\r\n            <a href=\"https:\/\/www.agenturagate.cz\/sk\/project\/pobocky-driverama-fair-point\/\" class=\"projects_grid__item__thumb\">\r\n            <img loading=\"lazy\" decoding=\"async\" width=\"2560\" height=\"1547\" src=\"https:\/\/www.agenturagate.cz\/wp-content\/uploads\/2022\/04\/driverama-scaled.webp\" class=\"attachment-post-thumbnail size-post-thumbnail wp-post-image\" alt=\"\" srcset=\"https:\/\/www.agenturagate.cz\/wp-content\/uploads\/2022\/04\/driverama-scaled.webp 2560w, https:\/\/www.agenturagate.cz\/wp-content\/uploads\/2022\/04\/driverama-1280x774.webp 1280w, https:\/\/www.agenturagate.cz\/wp-content\/uploads\/2022\/04\/driverama-980x592.webp 980w, https:\/\/www.agenturagate.cz\/wp-content\/uploads\/2022\/04\/driverama-480x290.webp 480w\" sizes=\"(min-width: 0px) and (max-width: 480px) 480px, (min-width: 481px) and (max-width: 980px) 980px, (min-width: 981px) and (max-width: 1280px) 1280px, (min-width: 1281px) 2560px, 100vw\" \/>        <\/a>\r\n            <div class=\"projects_grid__content\">\r\n        <a href=\"https:\/\/www.agenturagate.cz\/sk\/project\/pobocky-driverama-fair-point\/\">\r\n            <h3>Pobo\u010dky Driverama Fair Point<\/h3>\r\n        <\/a>\r\n        <div class=\"projects_grid__content__more closed\">\r\n            <p><p>Od\u00a0n\u00e1vrhov a\u017e po\u00a0in\u0161tal\u00e1ciu. Kompletn\u00e1 realiz\u00e1cia kamenn\u00fdch pobo\u010diek DRIVERAMA v\u00a0Nemecku.<\/p>\n<\/p>\r\n            <div>\r\n                <a href=\"https:\/\/www.agenturagate.cz\/sk\/project\/pobocky-driverama-fair-point\/\" class=\"btn btn--secondary btn--sm\">\r\n                    Learn more                <\/a>\r\n            <\/div>\r\n        <\/div>\r\n            <\/div>\r\n<\/div><div class=\"projects_grid__item projects_grid__item--sm\">\r\n            <a href=\"https:\/\/www.agenturagate.cz\/sk\/project\/restauracny-koncept-slovnaft\/\" class=\"projects_grid__item__thumb\">\r\n            <img loading=\"lazy\" decoding=\"async\" width=\"2448\" height=\"1377\" src=\"https:\/\/www.agenturagate.cz\/wp-content\/uploads\/2022\/04\/slovnaft.webp\" class=\"attachment-post-thumbnail size-post-thumbnail wp-post-image\" alt=\"\" srcset=\"https:\/\/www.agenturagate.cz\/wp-content\/uploads\/2022\/04\/slovnaft.webp 2448w, https:\/\/www.agenturagate.cz\/wp-content\/uploads\/2022\/04\/slovnaft-1280x720.webp 1280w, https:\/\/www.agenturagate.cz\/wp-content\/uploads\/2022\/04\/slovnaft-980x551.webp 980w, https:\/\/www.agenturagate.cz\/wp-content\/uploads\/2022\/04\/slovnaft-480x270.webp 480w\" sizes=\"(min-width: 0px) and (max-width: 480px) 480px, (min-width: 481px) and (max-width: 980px) 980px, (min-width: 981px) and (max-width: 1280px) 1280px, (min-width: 1281px) 2448px, 100vw\" \/>        <\/a>\r\n            <div class=\"projects_grid__content\">\r\n        <a href=\"https:\/\/www.agenturagate.cz\/sk\/project\/restauracny-koncept-slovnaft\/\">\r\n            <h3>Re\u0161taura\u010dn\u00fd koncept Slovnaft<\/h3>\r\n        <\/a>\r\n        <div class=\"projects_grid__content__more closed\">\r\n            <p><p>Pre\u00a0Slovnaft, a.s. sme na\u00a0Slovensku pripravili a\u00a0zrealizovali kompletn\u00fd nov\u00fd design re\u0161taura\u010dn\u00e9ho konceptu.<\/p>\n<\/p>\r\n            <div>\r\n                <a href=\"https:\/\/www.agenturagate.cz\/sk\/project\/restauracny-koncept-slovnaft\/\" class=\"btn btn--secondary btn--sm\">\r\n                    Learn more                <\/a>\r\n            <\/div>\r\n        <\/div>\r\n            <\/div>\r\n<\/div><div class=\"projects_grid__item projects_grid__item--sm\">\r\n            <a href=\"https:\/\/www.agenturagate.cz\/sk\/project\/loyalty-pro-bonus\/\" class=\"projects_grid__item__thumb\">\r\n            <img loading=\"lazy\" decoding=\"async\" width=\"2400\" height=\"1256\" src=\"https:\/\/www.agenturagate.cz\/wp-content\/uploads\/2022\/04\/loyalty.webp\" class=\"attachment-post-thumbnail size-post-thumbnail wp-post-image\" alt=\"\" srcset=\"https:\/\/www.agenturagate.cz\/wp-content\/uploads\/2022\/04\/loyalty.webp 2400w, https:\/\/www.agenturagate.cz\/wp-content\/uploads\/2022\/04\/loyalty-1280x670.webp 1280w, https:\/\/www.agenturagate.cz\/wp-content\/uploads\/2022\/04\/loyalty-980x513.webp 980w, https:\/\/www.agenturagate.cz\/wp-content\/uploads\/2022\/04\/loyalty-480x251.webp 480w\" sizes=\"(min-width: 0px) and (max-width: 480px) 480px, (min-width: 481px) and (max-width: 980px) 980px, (min-width: 981px) and (max-width: 1280px) 1280px, (min-width: 1281px) 2400px, 100vw\" \/>        <\/a>\r\n            <div class=\"projects_grid__content\">\r\n        <a href=\"https:\/\/www.agenturagate.cz\/sk\/project\/loyalty-pro-bonus\/\">\r\n            <h3>Loyalty PRO-BONUS<\/h3>\r\n        <\/a>\r\n        <div class=\"projects_grid__content__more closed\">\r\n            <p><p>Kompletne spracov\u00e1vame vernostn\u00fd program klienta PRO-DOMA. Ro\u010dne vybav\u00edme cez\u00a08000 objedn\u00e1vok.<\/p>\n<\/p>\r\n            <div>\r\n                <a href=\"https:\/\/www.agenturagate.cz\/sk\/project\/loyalty-pro-bonus\/\" class=\"btn btn--secondary btn--sm\">\r\n                    Learn more                <\/a>\r\n            <\/div>\r\n        <\/div>\r\n            <\/div>\r\n<\/div><div class=\"projects_grid__item projects_grid__item--sm\">\r\n            <a href=\"https:\/\/www.agenturagate.cz\/sk\/project\/branding-predajni-billa\/\" class=\"projects_grid__item__thumb\">\r\n            <img loading=\"lazy\" decoding=\"async\" width=\"2048\" height=\"1536\" src=\"https:\/\/www.agenturagate.cz\/wp-content\/uploads\/2022\/04\/billa.webp\" class=\"attachment-post-thumbnail size-post-thumbnail wp-post-image\" alt=\"\" srcset=\"https:\/\/www.agenturagate.cz\/wp-content\/uploads\/2022\/04\/billa.webp 2048w, https:\/\/www.agenturagate.cz\/wp-content\/uploads\/2022\/04\/billa-1280x960.webp 1280w, https:\/\/www.agenturagate.cz\/wp-content\/uploads\/2022\/04\/billa-980x735.webp 980w, https:\/\/www.agenturagate.cz\/wp-content\/uploads\/2022\/04\/billa-480x360.webp 480w\" sizes=\"(min-width: 0px) and (max-width: 480px) 480px, (min-width: 481px) and (max-width: 980px) 980px, (min-width: 981px) and (max-width: 1280px) 1280px, (min-width: 1281px) 2048px, 100vw\" \/>        <\/a>\r\n            <div class=\"projects_grid__content\">\r\n        <a href=\"https:\/\/www.agenturagate.cz\/sk\/project\/branding-predajni-billa\/\">\r\n            <h3>Branding predajn\u00ed BILLA<\/h3>\r\n        <\/a>\r\n        <div class=\"projects_grid__content__more closed\">\r\n            <p><p>Od\u00a0roku 2009 brandujeme s\u00fa\u010dasn\u00e9 a\u00a0nov\u00e9 predajne BILLA vr\u00e1tane strategick\u00e9ho pl\u00e1novania podpory predaja.<\/p>\n<\/p>\r\n            <div>\r\n                <a href=\"https:\/\/www.agenturagate.cz\/sk\/project\/branding-predajni-billa\/\" class=\"btn btn--secondary btn--sm\">\r\n                    Learn more                <\/a>\r\n            <\/div>\r\n        <\/div>\r\n            <\/div>\r\n<\/div><div class=\"projects_grid__item projects_grid__item--sm\">\r\n            <a href=\"https:\/\/www.agenturagate.cz\/sk\/project\/hostes-promo-pro-innogy\/\" class=\"projects_grid__item__thumb\">\r\n            <img loading=\"lazy\" decoding=\"async\" width=\"2560\" height=\"1706\" src=\"https:\/\/www.agenturagate.cz\/wp-content\/uploads\/2022\/04\/hostess-scaled.webp\" class=\"attachment-post-thumbnail size-post-thumbnail wp-post-image\" alt=\"\" srcset=\"https:\/\/www.agenturagate.cz\/wp-content\/uploads\/2022\/04\/hostess-scaled.webp 2560w, https:\/\/www.agenturagate.cz\/wp-content\/uploads\/2022\/04\/hostess-1280x853.webp 1280w, https:\/\/www.agenturagate.cz\/wp-content\/uploads\/2022\/04\/hostess-980x653.webp 980w, https:\/\/www.agenturagate.cz\/wp-content\/uploads\/2022\/04\/hostess-480x320.webp 480w\" sizes=\"(min-width: 0px) and (max-width: 480px) 480px, (min-width: 481px) and (max-width: 980px) 980px, (min-width: 981px) and (max-width: 1280px) 1280px, (min-width: 1281px) 2560px, 100vw\" \/>        <\/a>\r\n            <div class=\"projects_grid__content\">\r\n        <a href=\"https:\/\/www.agenturagate.cz\/sk\/project\/hostes-promo-pro-innogy\/\">\r\n            <h3>Hostes Promo pro innogy<\/h3>\r\n        <\/a>\r\n        <div class=\"projects_grid__content__more closed\">\r\n            <p><p>Zvy\u0161ujeme n\u00e1v\u0161tevnos\u0165 z\u00e1kazn\u00edckych centier Innogy po\u00a0celej \u010ceskej republike od\u00a0roku 2017.<\/p>\n<\/p>\r\n            <div>\r\n                <a href=\"https:\/\/www.agenturagate.cz\/sk\/project\/hostes-promo-pro-innogy\/\" class=\"btn btn--secondary btn--sm\">\r\n                    Learn more                <\/a>\r\n            <\/div>\r\n        <\/div>\r\n            <\/div>\r\n<\/div><div class=\"projects_grid__item projects_grid__item--sm\">\r\n            <a href=\"https:\/\/www.agenturagate.cz\/sk\/project\/aktivacne-kampane-mol\/\" class=\"projects_grid__item__thumb\">\r\n            <img loading=\"lazy\" decoding=\"async\" width=\"636\" height=\"892\" src=\"https:\/\/www.agenturagate.cz\/wp-content\/uploads\/2022\/04\/moll.webp\" class=\"attachment-post-thumbnail size-post-thumbnail wp-post-image\" alt=\"\" srcset=\"https:\/\/www.agenturagate.cz\/wp-content\/uploads\/2022\/04\/moll.webp 636w, https:\/\/www.agenturagate.cz\/wp-content\/uploads\/2022\/04\/moll-480x673.webp 480w\" sizes=\"(min-width: 0px) and (max-width: 480px) 480px, (min-width: 481px) 636px, 100vw\" \/>        <\/a>\r\n            <div class=\"projects_grid__content\">\r\n        <a href=\"https:\/\/www.agenturagate.cz\/sk\/project\/aktivacne-kampane-mol\/\">\r\n            <h3>Aktiva\u010dn\u00e9 kampane MOL<\/h3>\r\n        <\/a>\r\n        <div class=\"projects_grid__content__more closed\">\r\n            <p><p>Administr\u00e1cia a\u00a0spr\u00e1va spotrebite\u013esk\u00fdch a\u00a0palivov\u00fdch s\u00fa\u0165a\u017e\u00ed na\u00a0\u010derpac\u00edch staniciach MOL.<\/p>\n<\/p>\r\n            <div>\r\n                <a href=\"https:\/\/www.agenturagate.cz\/sk\/project\/aktivacne-kampane-mol\/\" class=\"btn btn--secondary btn--sm\">\r\n                    Learn more                <\/a>\r\n            <\/div>\r\n        <\/div>\r\n            <\/div>\r\n<\/div><div class=\"projects_grid__item projects_grid__item--sm\">\r\n            <a href=\"https:\/\/www.agenturagate.cz\/sk\/project\/dvere-nove-generace-assa-abloy\/\" class=\"projects_grid__item__thumb\">\r\n            <img loading=\"lazy\" decoding=\"async\" width=\"2560\" height=\"1707\" src=\"https:\/\/www.agenturagate.cz\/wp-content\/uploads\/2022\/04\/sherlock-scaled.jpeg\" class=\"attachment-post-thumbnail size-post-thumbnail wp-post-image\" alt=\"\" srcset=\"https:\/\/www.agenturagate.cz\/wp-content\/uploads\/2022\/04\/sherlock-scaled.jpeg 2560w, https:\/\/www.agenturagate.cz\/wp-content\/uploads\/2022\/04\/sherlock-1280x854.jpeg 1280w, https:\/\/www.agenturagate.cz\/wp-content\/uploads\/2022\/04\/sherlock-980x653.jpeg 980w, https:\/\/www.agenturagate.cz\/wp-content\/uploads\/2022\/04\/sherlock-480x320.jpeg 480w\" sizes=\"(min-width: 0px) and (max-width: 480px) 480px, (min-width: 481px) and (max-width: 980px) 980px, (min-width: 981px) and (max-width: 1280px) 1280px, (min-width: 1281px) 2560px, 100vw\" \/>        <\/a>\r\n            <div class=\"projects_grid__content\">\r\n        <a href=\"https:\/\/www.agenturagate.cz\/sk\/project\/dvere-nove-generace-assa-abloy\/\">\r\n            <h3>Nov\u00e1 gener\u00e1cia Assa Abloy<\/h3>\r\n        <\/a>\r\n        <div class=\"projects_grid__content__more closed\">\r\n            <p><p>Sl\u00e1vnostn\u00fd opening pre\u00a0partnerov spolo\u010dnosti Assa Abloy pri\u00a0pr\u00edle\u017eitosti uvedenia nov\u00e9ho produktu na\u00a0trh.<\/p>\n<\/p>\r\n            <div>\r\n                <a href=\"https:\/\/www.agenturagate.cz\/sk\/project\/dvere-nove-generace-assa-abloy\/\" class=\"btn btn--secondary btn--sm\">\r\n                    Learn more                <\/a>\r\n            <\/div>\r\n        <\/div>\r\n            <\/div>\r\n<\/div><div class=\"projects_grid__item projects_grid__item--sm\">\r\n            <a href=\"https:\/\/www.agenturagate.cz\/sk\/project\/design-na-ceste-bratislava\/\" class=\"projects_grid__item__thumb\">\r\n            <img loading=\"lazy\" decoding=\"async\" width=\"2560\" height=\"1589\" src=\"https:\/\/www.agenturagate.cz\/wp-content\/uploads\/2022\/04\/design-cerpaci-scaled.webp\" class=\"attachment-post-thumbnail size-post-thumbnail wp-post-image\" alt=\"\" srcset=\"https:\/\/www.agenturagate.cz\/wp-content\/uploads\/2022\/04\/design-cerpaci-scaled.webp 2560w, https:\/\/www.agenturagate.cz\/wp-content\/uploads\/2022\/04\/design-cerpaci-1280x795.webp 1280w, https:\/\/www.agenturagate.cz\/wp-content\/uploads\/2022\/04\/design-cerpaci-980x608.webp 980w, https:\/\/www.agenturagate.cz\/wp-content\/uploads\/2022\/04\/design-cerpaci-480x298.webp 480w\" sizes=\"(min-width: 0px) and (max-width: 480px) 480px, (min-width: 481px) and (max-width: 980px) 980px, (min-width: 981px) and (max-width: 1280px) 1280px, (min-width: 1281px) 2560px, 100vw\" \/>        <\/a>\r\n            <div class=\"projects_grid__content\">\r\n        <a href=\"https:\/\/www.agenturagate.cz\/sk\/project\/design-na-ceste-bratislava\/\">\r\n            <h3>Design na ceste | Bratislava<\/h3>\r\n        <\/a>\r\n        <div class=\"projects_grid__content__more closed\">\r\n            <p><p>Brandovanie atypick\u00fdch priestorov n\u00e1s bav\u00ed. Pr\u00edkladom je \u010derpacia stanica na\u00a0ulici Pr\u00edstavn\u00e1 v\u00a0Bratislave.<\/p>\n<\/p>\r\n            <div>\r\n                <a href=\"https:\/\/www.agenturagate.cz\/sk\/project\/design-na-ceste-bratislava\/\" class=\"btn btn--secondary btn--sm\">\r\n                    Learn more                <\/a>\r\n            <\/div>\r\n        <\/div>\r\n            <\/div>\r\n<\/div><\/div>\r\n<div class=\"projects__pagination\">\r\n    <span aria-current=\"page\" class=\"page-numbers current\">1<\/span>\n<a class=\"page-numbers\" href=\"https:\/\/www.agenturagate.cz\/sk\/wp-json\/wp\/v2\/pages\/2400\/page\/2\/\">2<\/a>\n<a class=\"next page-numbers\" href=\"https:\/\/www.agenturagate.cz\/sk\/wp-json\/wp\/v2\/pages\/2400\/page\/2\/\">\u010ealej &raquo;<\/a><\/div>\r\n[\/et_pb_code][\/et_pb_column][\/et_pb_row][\/et_pb_section][et_pb_section fb_built=&#8220;1&#8243; _builder_version=&#8220;4.15.1&#8243; _module_preset=&#8220;default&#8220; background_image=&#8220;https:\/\/www.agenturagate.cz\/wp-content\/uploads\/2022\/04\/gate-real.jpg&#8220; height=&#8220;400px&#8220; top_divider_style=&#8220;slant&#8220; top_divider_color=&#8220;gcid-272884ea-4f7f-4770-bcdb-c59d0804d5dc&#8220; top_divider_height=&#8220;50px&#8220; top_divider_flip=&#8220;horizontal&#8220; bottom_divider_style=&#8220;slant&#8220; bottom_divider_color=&#8220;#FFFFFF&#8220; bottom_divider_height=&#8220;50px&#8220; bottom_divider_flip=&#8220;horizontal&#8220; hover_enabled=&#8220;0&#8243; global_colors_info=&#8220;{%22gcid-272884ea-4f7f-4770-bcdb-c59d0804d5dc%22:%91%22top_divider_color%22%93}&#8220; title_text=&#8220;gate-real&#8220; sticky_enabled=&#8220;0&#8243;][\/et_pb_section]\n\n","protected":false},"excerpt":{"rendered":"","protected":false},"author":1,"featured_media":0,"parent":0,"menu_order":0,"comment_status":"closed","ping_status":"closed","template":"","meta":{"_acf_changed":false,"_et_pb_use_builder":"on","_et_pb_old_content":"<!-- wp:divi\/placeholder \/-->","_et_gb_content_width":"","footnotes":""},"class_list":["post-2400","page","type-page","status-publish","hentry"],"acf":[],"_links":{"self":[{"href":"https:\/\/www.agenturagate.cz\/sk\/wp-json\/wp\/v2\/pages\/2400","targetHints":{"allow":["GET"]}}],"collection":[{"href":"https:\/\/www.agenturagate.cz\/sk\/wp-json\/wp\/v2\/pages"}],"about":[{"href":"https:\/\/www.agenturagate.cz\/sk\/wp-json\/wp\/v2\/types\/page"}],"author":[{"embeddable":true,"href":"https:\/\/www.agenturagate.cz\/sk\/wp-json\/wp\/v2\/users\/1"}],"replies":[{"embeddable":true,"href":"https:\/\/www.agenturagate.cz\/sk\/wp-json\/wp\/v2\/comments?post=2400"}],"version-history":[{"count":1,"href":"https:\/\/www.agenturagate.cz\/sk\/wp-json\/wp\/v2\/pages\/2400\/revisions"}],"predecessor-version":[{"id":2401,"href":"https:\/\/www.agenturagate.cz\/sk\/wp-json\/wp\/v2\/pages\/2400\/revisions\/2401"}],"wp:attachment":[{"href":"https:\/\/www.agenturagate.cz\/sk\/wp-json\/wp\/v2\/media?parent=2400"}],"curies":[{"name":"wp","href":"https:\/\/api.w.org\/{rel}","templated":true}]}}