{"id":2403,"date":"2022-03-27T13:42:08","date_gmt":"2022-03-27T11:42:08","guid":{"rendered":"https:\/\/www.agenturagate.cz\/realizovane-projekty\/activation\/"},"modified":"2022-05-01T13:10:01","modified_gmt":"2022-05-01T11:10:01","slug":"activation","status":"publish","type":"page","link":"https:\/\/www.agenturagate.cz\/sk\/realizovane-projekty\/activation\/","title":{"rendered":"Realizovan\u00e9 projekty &#8211; activation"},"content":{"rendered":"\n[et_pb_section fb_built=&#8220;1&#8243; _builder_version=&#8220;4.15.1&#8243; _module_preset=&#8220;default&#8220; bottom_divider_style=&#8220;slant&#8220; bottom_divider_color=&#8220;gcid-fe67e735-d805-4232-895a-1ced7bcc3c03&#8243; bottom_divider_height=&#8220;50px&#8220; bottom_divider_flip=&#8220;horizontal&#8220; global_colors_info=&#8220;{%22gcid-fe67e735-d805-4232-895a-1ced7bcc3c03%22:%91%22bottom_divider_color%22%93}&#8220;][et_pb_row column_structure=&#8220;1_2,1_2&#8243; make_equal=&#8220;on&#8220; _builder_version=&#8220;4.15.1&#8243; _module_preset=&#8220;default&#8220; global_colors_info=&#8220;{}&#8220;][et_pb_column type=&#8220;1_2&#8243; module_class=&#8220;bottom-flex&#8220; _builder_version=&#8220;4.15.1&#8243; _module_preset=&#8220;default&#8220; global_colors_info=&#8220;{}&#8220;][et_pb_text module_class=&#8220;heading&#8220; _builder_version=&#8220;4.15.1&#8243; _module_preset=&#8220;default&#8220; global_colors_info=&#8220;{}&#8220;]<h1>Realizovan\u00e9<br \/><span class=\"fg-primary\">PROJEKTY<\/span><br \/>Activation<\/h1>[\/et_pb_text][\/et_pb_column][et_pb_column type=&#8220;1_2&#8243; module_class=&#8220;bottom-flex&#8220; _builder_version=&#8220;4.15.1&#8243; _module_preset=&#8220;default&#8220; global_colors_info=&#8220;{}&#8220;][et_pb_text module_class=&#8220;link&#8211;filter&#8220; _builder_version=&#8220;4.15.1&#8243; _module_preset=&#8220;default&#8220; text_orientation=&#8220;center&#8220; global_colors_info=&#8220;{}&#8220;]<p><a href=\"https:\/\/www.agenturagate.cz\/sk\/realizovane-projekty\/\">ZRU\u0160IT <br \/>FILTR<\/a><\/p>[\/et_pb_text][\/et_pb_column][\/et_pb_row][\/et_pb_section][et_pb_section fb_built=&#8220;1&#8243; _builder_version=&#8220;4.15.1&#8243; _module_preset=&#8220;default&#8220; background_color=&#8220;gcid-fe67e735-d805-4232-895a-1ced7bcc3c03&#8243; custom_padding=&#8220;||||false|false&#8220; global_colors_info=&#8220;{%22gcid-fe67e735-d805-4232-895a-1ced7bcc3c03%22:%91%22background_color%22%93}&#8220; theme_builder_area=&#8220;post_content&#8220;][et_pb_row column_structure=&#8220;1_4,1_4,1_4,1_4&#8243; admin_label=&#8220;Filtry&#8220; _builder_version=&#8220;4.15.1&#8243; _module_preset=&#8220;default&#8220; global_colors_info=&#8220;{}&#8220; theme_builder_area=&#8220;post_content&#8220;][et_pb_column type=&#8220;1_4&#8243; _builder_version=&#8220;4.15.1&#8243; _module_preset=&#8220;default&#8220; global_colors_info=&#8220;{}&#8220; theme_builder_area=&#8220;post_content&#8220;][et_pb_blurb title=&#8220;RETAIL&#8220; url=&#8220;@ET-DC@eyJkeW5hbWljIjp0cnVlLCJjb250ZW50IjoicG9zdF9saW5rX3VybF9wYWdlIiwic2V0dGluZ3MiOnsicG9zdF9pZCI6IjcxNCJ9fQ==@&#8220; image=&#8220;https:\/\/www.agenturagate.cz\/wp-content\/uploads\/2022\/03\/Group-2580.png&#8220; image_icon_width=&#8220;50%&#8220; module_class=&#8220;blurb&#8220; _builder_version=&#8220;4.15.1&#8243; _dynamic_attributes=&#8220;url&#8220; _module_preset=&#8220;default&#8220; header_text_color=&#8220;#FFFFFF&#8220; text_orientation=&#8220;center&#8220; hover_enabled=&#8220;0&#8243; border_radii_image=&#8220;on|100px|100px|100px|100px&#8220; global_colors_info=&#8220;{}&#8220; theme_builder_area=&#8220;post_content&#8220; sticky_enabled=&#8220;0&#8243;]<div class=\"triangle\"><\/div>[\/et_pb_blurb][\/et_pb_column][et_pb_column type=&#8220;1_4&#8243; _builder_version=&#8220;4.15.1&#8243; _module_preset=&#8220;default&#8220; global_colors_info=&#8220;{}&#8220; theme_builder_area=&#8220;post_content&#8220;][et_pb_blurb title=&#8220;DIGITAL STORE&#8220; url=&#8220;@ET-DC@eyJkeW5hbWljIjp0cnVlLCJjb250ZW50IjoicG9zdF9saW5rX3VybF9wYWdlIiwic2V0dGluZ3MiOnsicG9zdF9pZCI6IjczNyJ9fQ==@&#8220; image=&#8220;https:\/\/www.agenturagate.cz\/wp-content\/uploads\/2022\/03\/Group-2581.png&#8220; image_icon_width=&#8220;50%&#8220; module_class=&#8220;blurb&#8220; _builder_version=&#8220;4.15.1&#8243; _dynamic_attributes=&#8220;url&#8220; _module_preset=&#8220;default&#8220; header_text_color=&#8220;#FFFFFF&#8220; text_orientation=&#8220;center&#8220; global_colors_info=&#8220;{}&#8220; theme_builder_area=&#8220;post_content&#8220;]<div class=\"triangle\"><\/div>[\/et_pb_blurb][\/et_pb_column][et_pb_column type=&#8220;1_4&#8243; _builder_version=&#8220;4.15.1&#8243; _module_preset=&#8220;default&#8220; global_colors_info=&#8220;{}&#8220; theme_builder_area=&#8220;post_content&#8220;][et_pb_blurb title=&#8220;LOYALTY&#8220; url=&#8220;@ET-DC@eyJkeW5hbWljIjp0cnVlLCJjb250ZW50IjoicG9zdF9saW5rX3VybF9wYWdlIiwic2V0dGluZ3MiOnsicG9zdF9pZCI6IjczOCJ9fQ==@&#8220; image=&#8220;https:\/\/www.agenturagate.cz\/wp-content\/uploads\/2022\/03\/Group-2582.png&#8220; image_icon_width=&#8220;50%&#8220; module_class=&#8220;blurb&#8220; _builder_version=&#8220;4.15.1&#8243; _dynamic_attributes=&#8220;url&#8220; _module_preset=&#8220;default&#8220; header_text_color=&#8220;#FFFFFF&#8220; text_orientation=&#8220;center&#8220; global_colors_info=&#8220;{}&#8220; theme_builder_area=&#8220;post_content&#8220;]<div class=\"triangle\"><\/div>[\/et_pb_blurb][\/et_pb_column][et_pb_column type=&#8220;1_4&#8243; _builder_version=&#8220;4.15.1&#8243; _module_preset=&#8220;default&#8220; global_colors_info=&#8220;{}&#8220; theme_builder_area=&#8220;post_content&#8220;][et_pb_blurb title=&#8220;ACTIVATION&#8220; url=&#8220;@ET-DC@eyJkeW5hbWljIjp0cnVlLCJjb250ZW50IjoicG9zdF9saW5rX3VybF9wYWdlIiwic2V0dGluZ3MiOnsicG9zdF9pZCI6IjczOSJ9fQ==@&#8220; image=&#8220;https:\/\/www.agenturagate.cz\/wp-content\/uploads\/2022\/03\/Group-2584.png&#8220; image_icon_width=&#8220;50%&#8220; module_class=&#8220;blurb blurb&#8211;active&#8220; _builder_version=&#8220;4.15.1&#8243; _dynamic_attributes=&#8220;url&#8220; _module_preset=&#8220;default&#8220; header_text_color=&#8220;#FFFFFF&#8220; text_orientation=&#8220;center&#8220; hover_enabled=&#8220;0&#8243; global_colors_info=&#8220;{}&#8220; theme_builder_area=&#8220;post_content&#8220; sticky_enabled=&#8220;0&#8243;]<div class=\"triangle\"><\/div>[\/et_pb_blurb][\/et_pb_column][\/et_pb_row][\/et_pb_section][et_pb_section fb_built=&#8220;1&#8243; _builder_version=&#8220;4.15.1&#8243; _module_preset=&#8220;default&#8220; background_color=&#8220;gcid-272884ea-4f7f-4770-bcdb-c59d0804d5dc&#8220; custom_padding=&#8220;80px||||false|false&#8220; top_divider_style=&#8220;slant&#8220; top_divider_color=&#8220;gcid-fe67e735-d805-4232-895a-1ced7bcc3c03&#8243; top_divider_height=&#8220;50px&#8220; top_divider_flip=&#8220;horizontal&#8220; global_colors_info=&#8220;{%22gcid-fe67e735-d805-4232-895a-1ced7bcc3c03%22:%91%22top_divider_color%22%93}&#8220;][et_pb_row admin_label=&#8220;P\u0159\u00edsp\u011bvky&#8220; _builder_version=&#8220;4.15.1&#8243; _module_preset=&#8220;default&#8220; global_colors_info=&#8220;{}&#8220;][et_pb_column type=&#8220;4_4&#8243; _builder_version=&#8220;4.15.1&#8243; _module_preset=&#8220;default&#8220; global_colors_info=&#8220;{}&#8220;][et_pb_code _builder_version=&#8220;4.15.1&#8243; _module_preset=&#8220;default&#8220; global_colors_info=&#8220;{}&#8220;]\r\n<div class=\"projects__pagination projects__pagination--top\">\r\n    <\/div>\r\n<div class=\"projects\">\r\n    <div class=\"projects_grid__item projects_grid__item--sm\">\r\n            <a href=\"https:\/\/www.agenturagate.cz\/sk\/project\/hostes-promo-pro-innogy\/\" class=\"projects_grid__item__thumb\">\r\n            <img loading=\"lazy\" decoding=\"async\" width=\"2560\" height=\"1706\" src=\"https:\/\/www.agenturagate.cz\/wp-content\/uploads\/2022\/04\/hostess-scaled.webp\" class=\"attachment-post-thumbnail size-post-thumbnail wp-post-image\" alt=\"\" srcset=\"https:\/\/www.agenturagate.cz\/wp-content\/uploads\/2022\/04\/hostess-scaled.webp 2560w, https:\/\/www.agenturagate.cz\/wp-content\/uploads\/2022\/04\/hostess-1280x853.webp 1280w, https:\/\/www.agenturagate.cz\/wp-content\/uploads\/2022\/04\/hostess-980x653.webp 980w, https:\/\/www.agenturagate.cz\/wp-content\/uploads\/2022\/04\/hostess-480x320.webp 480w\" sizes=\"(min-width: 0px) and (max-width: 480px) 480px, (min-width: 481px) and (max-width: 980px) 980px, (min-width: 981px) and (max-width: 1280px) 1280px, (min-width: 1281px) 2560px, 100vw\" \/>        <\/a>\r\n            <div class=\"projects_grid__content\">\r\n        <a href=\"https:\/\/www.agenturagate.cz\/sk\/project\/hostes-promo-pro-innogy\/\">\r\n            <h3>Hostes Promo pro innogy<\/h3>\r\n        <\/a>\r\n        <div class=\"projects_grid__content__more closed\">\r\n            <p><p>Zvy\u0161ujeme n\u00e1v\u0161tevnos\u0165 z\u00e1kazn\u00edckych centier Innogy po\u00a0celej \u010ceskej republike od\u00a0roku 2017.<\/p>\n<\/p>\r\n            <div>\r\n                <a href=\"https:\/\/www.agenturagate.cz\/sk\/project\/hostes-promo-pro-innogy\/\" class=\"btn btn--secondary btn--sm\">\r\n                    Learn more                <\/a>\r\n            <\/div>\r\n        <\/div>\r\n            <\/div>\r\n<\/div><div class=\"projects_grid__item projects_grid__item--sm\">\r\n            <a href=\"https:\/\/www.agenturagate.cz\/sk\/project\/aktivacne-kampane-mol\/\" class=\"projects_grid__item__thumb\">\r\n            <img loading=\"lazy\" decoding=\"async\" width=\"636\" height=\"892\" src=\"https:\/\/www.agenturagate.cz\/wp-content\/uploads\/2022\/04\/moll.webp\" class=\"attachment-post-thumbnail size-post-thumbnail wp-post-image\" alt=\"\" srcset=\"https:\/\/www.agenturagate.cz\/wp-content\/uploads\/2022\/04\/moll.webp 636w, https:\/\/www.agenturagate.cz\/wp-content\/uploads\/2022\/04\/moll-480x673.webp 480w\" sizes=\"(min-width: 0px) and (max-width: 480px) 480px, (min-width: 481px) 636px, 100vw\" \/>        <\/a>\r\n            <div class=\"projects_grid__content\">\r\n        <a href=\"https:\/\/www.agenturagate.cz\/sk\/project\/aktivacne-kampane-mol\/\">\r\n            <h3>Aktiva\u010dn\u00e9 kampane MOL<\/h3>\r\n        <\/a>\r\n        <div class=\"projects_grid__content__more closed\">\r\n            <p><p>Administr\u00e1cia a\u00a0spr\u00e1va spotrebite\u013esk\u00fdch a\u00a0palivov\u00fdch s\u00fa\u0165a\u017e\u00ed na\u00a0\u010derpac\u00edch staniciach MOL.<\/p>\n<\/p>\r\n            <div>\r\n                <a href=\"https:\/\/www.agenturagate.cz\/sk\/project\/aktivacne-kampane-mol\/\" class=\"btn btn--secondary btn--sm\">\r\n                    Learn more                <\/a>\r\n            <\/div>\r\n        <\/div>\r\n            <\/div>\r\n<\/div><div class=\"projects_grid__item projects_grid__item--sm\">\r\n            <a href=\"https:\/\/www.agenturagate.cz\/sk\/project\/dvere-nove-generace-assa-abloy\/\" class=\"projects_grid__item__thumb\">\r\n            <img loading=\"lazy\" decoding=\"async\" width=\"2560\" height=\"1707\" src=\"https:\/\/www.agenturagate.cz\/wp-content\/uploads\/2022\/04\/sherlock-scaled.jpeg\" class=\"attachment-post-thumbnail size-post-thumbnail wp-post-image\" alt=\"\" srcset=\"https:\/\/www.agenturagate.cz\/wp-content\/uploads\/2022\/04\/sherlock-scaled.jpeg 2560w, https:\/\/www.agenturagate.cz\/wp-content\/uploads\/2022\/04\/sherlock-1280x854.jpeg 1280w, https:\/\/www.agenturagate.cz\/wp-content\/uploads\/2022\/04\/sherlock-980x653.jpeg 980w, https:\/\/www.agenturagate.cz\/wp-content\/uploads\/2022\/04\/sherlock-480x320.jpeg 480w\" sizes=\"(min-width: 0px) and (max-width: 480px) 480px, (min-width: 481px) and (max-width: 980px) 980px, (min-width: 981px) and (max-width: 1280px) 1280px, (min-width: 1281px) 2560px, 100vw\" \/>        <\/a>\r\n            <div class=\"projects_grid__content\">\r\n        <a href=\"https:\/\/www.agenturagate.cz\/sk\/project\/dvere-nove-generace-assa-abloy\/\">\r\n            <h3>Nov\u00e1 gener\u00e1cia Assa Abloy<\/h3>\r\n        <\/a>\r\n        <div class=\"projects_grid__content__more closed\">\r\n            <p><p>Sl\u00e1vnostn\u00fd opening pre\u00a0partnerov spolo\u010dnosti Assa Abloy pri\u00a0pr\u00edle\u017eitosti uvedenia nov\u00e9ho produktu na\u00a0trh.<\/p>\n<\/p>\r\n            <div>\r\n                <a href=\"https:\/\/www.agenturagate.cz\/sk\/project\/dvere-nove-generace-assa-abloy\/\" class=\"btn btn--secondary btn--sm\">\r\n                    Learn more                <\/a>\r\n            <\/div>\r\n        <\/div>\r\n            <\/div>\r\n<\/div><div class=\"projects_grid__item projects_grid__item--sm\">\r\n            <a href=\"https:\/\/www.agenturagate.cz\/sk\/project\/cerpacka-na-svahu-roadshow\/\" class=\"projects_grid__item__thumb\">\r\n            <img loading=\"lazy\" decoding=\"async\" width=\"2560\" height=\"1703\" src=\"https:\/\/www.agenturagate.cz\/wp-content\/uploads\/2022\/04\/slovnaft-2-scaled.webp\" class=\"attachment-post-thumbnail size-post-thumbnail wp-post-image\" alt=\"\" srcset=\"https:\/\/www.agenturagate.cz\/wp-content\/uploads\/2022\/04\/slovnaft-2-scaled.webp 2560w, https:\/\/www.agenturagate.cz\/wp-content\/uploads\/2022\/04\/slovnaft-2-1280x852.webp 1280w, https:\/\/www.agenturagate.cz\/wp-content\/uploads\/2022\/04\/slovnaft-2-980x652.webp 980w, https:\/\/www.agenturagate.cz\/wp-content\/uploads\/2022\/04\/slovnaft-2-480x319.webp 480w\" sizes=\"(min-width: 0px) and (max-width: 480px) 480px, (min-width: 481px) and (max-width: 980px) 980px, (min-width: 981px) and (max-width: 1280px) 1280px, (min-width: 1281px) 2560px, 100vw\" \/>        <\/a>\r\n            <div class=\"projects_grid__content\">\r\n        <a href=\"https:\/\/www.agenturagate.cz\/sk\/project\/cerpacka-na-svahu-roadshow\/\">\r\n            <h3>\u010cerpa\u010dka na svahu | Roadshow<\/h3>\r\n        <\/a>\r\n        <div class=\"projects_grid__content__more closed\">\r\n            <p><p>Zimn\u00e1 roadshow pre\u00a0klienta Slovnaft. Naf\u00fakli sme \u010derpaciu stanicu na\u00a0svahu a\u00a0postarali sa o\u00a0skvel\u00fa atmosf\u00e9ru.<\/p>\n<\/p>\r\n            <div>\r\n                <a href=\"https:\/\/www.agenturagate.cz\/sk\/project\/cerpacka-na-svahu-roadshow\/\" class=\"btn btn--secondary btn--sm\">\r\n                    Learn more                <\/a>\r\n            <\/div>\r\n        <\/div>\r\n            <\/div>\r\n<\/div><\/div>\r\n<div class=\"projects__pagination\">\r\n    <\/div>\r\n[\/et_pb_code][\/et_pb_column][\/et_pb_row][\/et_pb_section][et_pb_section fb_built=&#8220;1&#8243; _builder_version=&#8220;4.15.1&#8243; _module_preset=&#8220;default&#8220; background_image=&#8220;https:\/\/www.agenturagate.cz\/wp-content\/uploads\/2022\/04\/gate-real.jpg&#8220; height=&#8220;400px&#8220; top_divider_style=&#8220;slant&#8220; top_divider_color=&#8220;gcid-272884ea-4f7f-4770-bcdb-c59d0804d5dc&#8220; top_divider_height=&#8220;50px&#8220; top_divider_flip=&#8220;horizontal&#8220; bottom_divider_style=&#8220;slant&#8220; bottom_divider_color=&#8220;#FFFFFF&#8220; bottom_divider_height=&#8220;50px&#8220; bottom_divider_flip=&#8220;horizontal&#8220; global_colors_info=&#8220;{%22gcid-272884ea-4f7f-4770-bcdb-c59d0804d5dc%22:%91%22top_divider_color%22%93}&#8220;][\/et_pb_section]\n","protected":false},"excerpt":{"rendered":"","protected":false},"author":1,"featured_media":0,"parent":2400,"menu_order":0,"comment_status":"closed","ping_status":"closed","template":"","meta":{"_acf_changed":false,"_et_pb_use_builder":"on","_et_pb_old_content":"<!-- wp:divi\/placeholder \/-->","_et_gb_content_width":"","footnotes":""},"class_list":["post-2403","page","type-page","status-publish","hentry"],"acf":[],"_links":{"self":[{"href":"https:\/\/www.agenturagate.cz\/sk\/wp-json\/wp\/v2\/pages\/2403","targetHints":{"allow":["GET"]}}],"collection":[{"href":"https:\/\/www.agenturagate.cz\/sk\/wp-json\/wp\/v2\/pages"}],"about":[{"href":"https:\/\/www.agenturagate.cz\/sk\/wp-json\/wp\/v2\/types\/page"}],"author":[{"embeddable":true,"href":"https:\/\/www.agenturagate.cz\/sk\/wp-json\/wp\/v2\/users\/1"}],"replies":[{"embeddable":true,"href":"https:\/\/www.agenturagate.cz\/sk\/wp-json\/wp\/v2\/comments?post=2403"}],"version-history":[{"count":1,"href":"https:\/\/www.agenturagate.cz\/sk\/wp-json\/wp\/v2\/pages\/2403\/revisions"}],"predecessor-version":[{"id":2404,"href":"https:\/\/www.agenturagate.cz\/sk\/wp-json\/wp\/v2\/pages\/2403\/revisions\/2404"}],"up":[{"embeddable":true,"href":"https:\/\/www.agenturagate.cz\/sk\/wp-json\/wp\/v2\/pages\/2400"}],"wp:attachment":[{"href":"https:\/\/www.agenturagate.cz\/sk\/wp-json\/wp\/v2\/media?parent=2403"}],"curies":[{"name":"wp","href":"https:\/\/api.w.org\/{rel}","templated":true}]}}