{"id":2406,"date":"2022-03-27T13:42:00","date_gmt":"2022-03-27T11:42:00","guid":{"rendered":"https:\/\/www.agenturagate.cz\/realizovane-projekty\/digital-store\/"},"modified":"2022-05-01T13:10:18","modified_gmt":"2022-05-01T11:10:18","slug":"digital-store","status":"publish","type":"page","link":"https:\/\/www.agenturagate.cz\/sk\/realizovane-projekty\/digital-store\/","title":{"rendered":"Realizovan\u00e9 projekty &#8211; digital store"},"content":{"rendered":"\n[et_pb_section fb_built=&#8220;1&#8243; _builder_version=&#8220;4.15.1&#8243; _module_preset=&#8220;default&#8220; bottom_divider_style=&#8220;slant&#8220; bottom_divider_color=&#8220;gcid-fe67e735-d805-4232-895a-1ced7bcc3c03&#8243; bottom_divider_height=&#8220;50px&#8220; bottom_divider_flip=&#8220;horizontal&#8220; global_colors_info=&#8220;{%22gcid-fe67e735-d805-4232-895a-1ced7bcc3c03%22:%91%22bottom_divider_color%22%93}&#8220;][et_pb_row column_structure=&#8220;1_2,1_2&#8243; make_equal=&#8220;on&#8220; _builder_version=&#8220;4.15.1&#8243; _module_preset=&#8220;default&#8220; global_colors_info=&#8220;{}&#8220;][et_pb_column type=&#8220;1_2&#8243; module_class=&#8220;bottom-flex&#8220; _builder_version=&#8220;4.15.1&#8243; _module_preset=&#8220;default&#8220; global_colors_info=&#8220;{}&#8220;][et_pb_text module_class=&#8220;heading&#8220; _builder_version=&#8220;4.15.1&#8243; _module_preset=&#8220;default&#8220; global_colors_info=&#8220;{}&#8220;]<h1>Realizovan\u00e9<br \/><span class=\"fg-primary\">PROJEKTY<\/span><br \/>Digital store<\/h1>[\/et_pb_text][\/et_pb_column][et_pb_column type=&#8220;1_2&#8243; module_class=&#8220;bottom-flex&#8220; _builder_version=&#8220;4.15.1&#8243; _module_preset=&#8220;default&#8220; global_colors_info=&#8220;{}&#8220;][et_pb_text module_class=&#8220;link&#8211;filter&#8220; _builder_version=&#8220;4.15.1&#8243; _module_preset=&#8220;default&#8220; text_orientation=&#8220;center&#8220; global_colors_info=&#8220;{}&#8220;]<p><a href=\"https:\/\/www.agenturagate.cz\/sk\/realizovane-projekty\/\">ZRU\u0160IT <br \/>FILTR<\/a><\/p>[\/et_pb_text][\/et_pb_column][\/et_pb_row][\/et_pb_section][et_pb_section fb_built=&#8220;1&#8243; _builder_version=&#8220;4.15.1&#8243; _module_preset=&#8220;default&#8220; background_color=&#8220;gcid-fe67e735-d805-4232-895a-1ced7bcc3c03&#8243; custom_padding=&#8220;||||false|false&#8220; global_colors_info=&#8220;{%22gcid-fe67e735-d805-4232-895a-1ced7bcc3c03%22:%91%22background_color%22%93}&#8220; theme_builder_area=&#8220;post_content&#8220;][et_pb_row column_structure=&#8220;1_4,1_4,1_4,1_4&#8243; admin_label=&#8220;Filtry&#8220; _builder_version=&#8220;4.15.1&#8243; _module_preset=&#8220;default&#8220; global_colors_info=&#8220;{}&#8220; theme_builder_area=&#8220;post_content&#8220;][et_pb_column type=&#8220;1_4&#8243; _builder_version=&#8220;4.15.1&#8243; _module_preset=&#8220;default&#8220; global_colors_info=&#8220;{}&#8220; theme_builder_area=&#8220;post_content&#8220;][et_pb_blurb title=&#8220;RETAIL&#8220; url=&#8220;@ET-DC@eyJkeW5hbWljIjp0cnVlLCJjb250ZW50IjoicG9zdF9saW5rX3VybF9wYWdlIiwic2V0dGluZ3MiOnsicG9zdF9pZCI6IjcxNCJ9fQ==@&#8220; image=&#8220;https:\/\/www.agenturagate.cz\/wp-content\/uploads\/2022\/03\/Group-2580.png&#8220; image_icon_width=&#8220;50%&#8220; module_class=&#8220;blurb &#8220; _builder_version=&#8220;4.15.1&#8243; _dynamic_attributes=&#8220;url&#8220; _module_preset=&#8220;default&#8220; header_text_color=&#8220;#FFFFFF&#8220; text_orientation=&#8220;center&#8220; hover_enabled=&#8220;0&#8243; border_radii_image=&#8220;on|100px|100px|100px|100px&#8220; global_colors_info=&#8220;{}&#8220; theme_builder_area=&#8220;post_content&#8220; sticky_enabled=&#8220;0&#8243;]<div class=\"triangle\"><\/div>[\/et_pb_blurb][\/et_pb_column][et_pb_column type=&#8220;1_4&#8243; _builder_version=&#8220;4.15.1&#8243; _module_preset=&#8220;default&#8220; global_colors_info=&#8220;{}&#8220; theme_builder_area=&#8220;post_content&#8220;][et_pb_blurb title=&#8220;DIGITAL STORE&#8220; url=&#8220;@ET-DC@eyJkeW5hbWljIjp0cnVlLCJjb250ZW50IjoicG9zdF9saW5rX3VybF9wYWdlIiwic2V0dGluZ3MiOnsicG9zdF9pZCI6IjczNyJ9fQ==@&#8220; image=&#8220;https:\/\/www.agenturagate.cz\/wp-content\/uploads\/2022\/03\/Group-2581.png&#8220; image_icon_width=&#8220;50%&#8220; module_class=&#8220;blurb blurb&#8211;active&#8220; _builder_version=&#8220;4.15.1&#8243; _dynamic_attributes=&#8220;url&#8220; _module_preset=&#8220;default&#8220; header_text_color=&#8220;#FFFFFF&#8220; text_orientation=&#8220;center&#8220; hover_enabled=&#8220;0&#8243; global_colors_info=&#8220;{}&#8220; theme_builder_area=&#8220;post_content&#8220; sticky_enabled=&#8220;0&#8243;]<div class=\"triangle\"><\/div>[\/et_pb_blurb][\/et_pb_column][et_pb_column type=&#8220;1_4&#8243; _builder_version=&#8220;4.15.1&#8243; _module_preset=&#8220;default&#8220; global_colors_info=&#8220;{}&#8220; theme_builder_area=&#8220;post_content&#8220;][et_pb_blurb title=&#8220;LOYALTY&#8220; url=&#8220;@ET-DC@eyJkeW5hbWljIjp0cnVlLCJjb250ZW50IjoicG9zdF9saW5rX3VybF9wYWdlIiwic2V0dGluZ3MiOnsicG9zdF9pZCI6IjczOCJ9fQ==@&#8220; image=&#8220;https:\/\/www.agenturagate.cz\/wp-content\/uploads\/2022\/03\/Group-2582.png&#8220; image_icon_width=&#8220;50%&#8220; module_class=&#8220;blurb&#8220; _builder_version=&#8220;4.15.1&#8243; _dynamic_attributes=&#8220;url&#8220; _module_preset=&#8220;default&#8220; header_text_color=&#8220;#FFFFFF&#8220; text_orientation=&#8220;center&#8220; global_colors_info=&#8220;{}&#8220; theme_builder_area=&#8220;post_content&#8220;]<div class=\"triangle\"><\/div>[\/et_pb_blurb][\/et_pb_column][et_pb_column type=&#8220;1_4&#8243; _builder_version=&#8220;4.15.1&#8243; _module_preset=&#8220;default&#8220; global_colors_info=&#8220;{}&#8220; theme_builder_area=&#8220;post_content&#8220;][et_pb_blurb title=&#8220;ACTIVATION&#8220; url=&#8220;@ET-DC@eyJkeW5hbWljIjp0cnVlLCJjb250ZW50IjoicG9zdF9saW5rX3VybF9wYWdlIiwic2V0dGluZ3MiOnsicG9zdF9pZCI6IjczOSJ9fQ==@&#8220; image=&#8220;https:\/\/www.agenturagate.cz\/wp-content\/uploads\/2022\/03\/Group-2584.png&#8220; image_icon_width=&#8220;50%&#8220; module_class=&#8220;blurb&#8220; _builder_version=&#8220;4.15.1&#8243; _dynamic_attributes=&#8220;url&#8220; _module_preset=&#8220;default&#8220; header_text_color=&#8220;#FFFFFF&#8220; text_orientation=&#8220;center&#8220; global_colors_info=&#8220;{}&#8220; theme_builder_area=&#8220;post_content&#8220;]<div class=\"triangle\"><\/div>[\/et_pb_blurb][\/et_pb_column][\/et_pb_row][\/et_pb_section][et_pb_section fb_built=&#8220;1&#8243; _builder_version=&#8220;4.15.1&#8243; _module_preset=&#8220;default&#8220; background_color=&#8220;gcid-272884ea-4f7f-4770-bcdb-c59d0804d5dc&#8220; custom_padding=&#8220;80px||||false|false&#8220; top_divider_style=&#8220;slant&#8220; top_divider_color=&#8220;gcid-fe67e735-d805-4232-895a-1ced7bcc3c03&#8243; top_divider_height=&#8220;50px&#8220; top_divider_flip=&#8220;horizontal&#8220; global_colors_info=&#8220;{%22gcid-fe67e735-d805-4232-895a-1ced7bcc3c03%22:%91%22top_divider_color%22%93}&#8220;][et_pb_row admin_label=&#8220;P\u0159\u00edsp\u011bvky&#8220; _builder_version=&#8220;4.15.1&#8243; _module_preset=&#8220;default&#8220; global_colors_info=&#8220;{}&#8220;][et_pb_column type=&#8220;4_4&#8243; _builder_version=&#8220;4.15.1&#8243; _module_preset=&#8220;default&#8220; global_colors_info=&#8220;{}&#8220;][et_pb_code _builder_version=&#8220;4.15.1&#8243; _module_preset=&#8220;default&#8220; global_colors_info=&#8220;{}&#8220;]\r\n<div class=\"projects__pagination projects__pagination--top\">\r\n    <\/div>\r\n<div class=\"projects\">\r\n    <div class=\"projects_grid__item projects_grid__item--sm\">\r\n            <a href=\"https:\/\/www.agenturagate.cz\/sk\/project\/pobocky-driverama-fair-point\/\" class=\"projects_grid__item__thumb\">\r\n            <img loading=\"lazy\" decoding=\"async\" width=\"2560\" height=\"1547\" src=\"https:\/\/www.agenturagate.cz\/wp-content\/uploads\/2022\/04\/driverama-scaled.webp\" class=\"attachment-post-thumbnail size-post-thumbnail wp-post-image\" alt=\"\" srcset=\"https:\/\/www.agenturagate.cz\/wp-content\/uploads\/2022\/04\/driverama-scaled.webp 2560w, https:\/\/www.agenturagate.cz\/wp-content\/uploads\/2022\/04\/driverama-1280x774.webp 1280w, https:\/\/www.agenturagate.cz\/wp-content\/uploads\/2022\/04\/driverama-980x592.webp 980w, https:\/\/www.agenturagate.cz\/wp-content\/uploads\/2022\/04\/driverama-480x290.webp 480w\" sizes=\"(min-width: 0px) and (max-width: 480px) 480px, (min-width: 481px) and (max-width: 980px) 980px, (min-width: 981px) and (max-width: 1280px) 1280px, (min-width: 1281px) 2560px, 100vw\" \/>        <\/a>\r\n            <div class=\"projects_grid__content\">\r\n        <a href=\"https:\/\/www.agenturagate.cz\/sk\/project\/pobocky-driverama-fair-point\/\">\r\n            <h3>Pobo\u010dky Driverama Fair Point<\/h3>\r\n        <\/a>\r\n        <div class=\"projects_grid__content__more closed\">\r\n            <p><p>Od\u00a0n\u00e1vrhov a\u017e po\u00a0in\u0161tal\u00e1ciu. Kompletn\u00e1 realiz\u00e1cia kamenn\u00fdch pobo\u010diek DRIVERAMA v\u00a0Nemecku.<\/p>\n<\/p>\r\n            <div>\r\n                <a href=\"https:\/\/www.agenturagate.cz\/sk\/project\/pobocky-driverama-fair-point\/\" class=\"btn btn--secondary btn--sm\">\r\n                    Learn more                <\/a>\r\n            <\/div>\r\n        <\/div>\r\n            <\/div>\r\n<\/div><div class=\"projects_grid__item projects_grid__item--sm\">\r\n            <a href=\"https:\/\/www.agenturagate.cz\/sk\/project\/strategia-pre-online-komunikaciu\/\" class=\"projects_grid__item__thumb\">\r\n            <img loading=\"lazy\" decoding=\"async\" width=\"2409\" height=\"771\" src=\"https:\/\/www.agenturagate.cz\/wp-content\/uploads\/2022\/04\/strategie.webp\" class=\"attachment-post-thumbnail size-post-thumbnail wp-post-image\" alt=\"\" srcset=\"https:\/\/www.agenturagate.cz\/wp-content\/uploads\/2022\/04\/strategie.webp 2409w, https:\/\/www.agenturagate.cz\/wp-content\/uploads\/2022\/04\/strategie-1280x410.webp 1280w, https:\/\/www.agenturagate.cz\/wp-content\/uploads\/2022\/04\/strategie-980x314.webp 980w, https:\/\/www.agenturagate.cz\/wp-content\/uploads\/2022\/04\/strategie-480x154.webp 480w\" sizes=\"(min-width: 0px) and (max-width: 480px) 480px, (min-width: 481px) and (max-width: 980px) 980px, (min-width: 981px) and (max-width: 1280px) 1280px, (min-width: 1281px) 2409px, 100vw\" \/>        <\/a>\r\n            <div class=\"projects_grid__content\">\r\n        <a href=\"https:\/\/www.agenturagate.cz\/sk\/project\/strategia-pre-online-komunikaciu\/\">\r\n            <h3>Strat\u00e9gia pre online komunik\u00e1ciu<\/h3>\r\n        <\/a>\r\n        <div class=\"projects_grid__content__more closed\">\r\n            <p><p>Online komunik\u00e1cia pre\u00a0klienta ASSA ABLOY na\u00a0mieru. Od\u00a0produktov\u00fdch a\u00a0obchodn\u00fdch anal\u00fdz po\u00a0webov\u00fd design.<\/p>\n<\/p>\r\n            <div>\r\n                <a href=\"https:\/\/www.agenturagate.cz\/sk\/project\/strategia-pre-online-komunikaciu\/\" class=\"btn btn--secondary btn--sm\">\r\n                    Learn more                <\/a>\r\n            <\/div>\r\n        <\/div>\r\n            <\/div>\r\n<\/div><\/div>\r\n<div class=\"projects__pagination\">\r\n    <\/div>\r\n[\/et_pb_code][\/et_pb_column][\/et_pb_row][\/et_pb_section][et_pb_section fb_built=&#8220;1&#8243; _builder_version=&#8220;4.15.1&#8243; _module_preset=&#8220;default&#8220; background_image=&#8220;https:\/\/www.agenturagate.cz\/wp-content\/uploads\/2022\/04\/gate-real.jpg&#8220; height=&#8220;400px&#8220; top_divider_style=&#8220;slant&#8220; top_divider_color=&#8220;gcid-272884ea-4f7f-4770-bcdb-c59d0804d5dc&#8220; top_divider_height=&#8220;50px&#8220; top_divider_flip=&#8220;horizontal&#8220; bottom_divider_style=&#8220;slant&#8220; bottom_divider_color=&#8220;#FFFFFF&#8220; bottom_divider_height=&#8220;50px&#8220; bottom_divider_flip=&#8220;horizontal&#8220; global_colors_info=&#8220;{%22gcid-272884ea-4f7f-4770-bcdb-c59d0804d5dc%22:%91%22top_divider_color%22%93}&#8220;][\/et_pb_section]\n","protected":false},"excerpt":{"rendered":"","protected":false},"author":1,"featured_media":0,"parent":2400,"menu_order":0,"comment_status":"closed","ping_status":"closed","template":"","meta":{"_acf_changed":false,"_et_pb_use_builder":"on","_et_pb_old_content":"<!-- wp:divi\/placeholder \/-->","_et_gb_content_width":"","footnotes":""},"class_list":["post-2406","page","type-page","status-publish","hentry"],"acf":[],"_links":{"self":[{"href":"https:\/\/www.agenturagate.cz\/sk\/wp-json\/wp\/v2\/pages\/2406","targetHints":{"allow":["GET"]}}],"collection":[{"href":"https:\/\/www.agenturagate.cz\/sk\/wp-json\/wp\/v2\/pages"}],"about":[{"href":"https:\/\/www.agenturagate.cz\/sk\/wp-json\/wp\/v2\/types\/page"}],"author":[{"embeddable":true,"href":"https:\/\/www.agenturagate.cz\/sk\/wp-json\/wp\/v2\/users\/1"}],"replies":[{"embeddable":true,"href":"https:\/\/www.agenturagate.cz\/sk\/wp-json\/wp\/v2\/comments?post=2406"}],"version-history":[{"count":1,"href":"https:\/\/www.agenturagate.cz\/sk\/wp-json\/wp\/v2\/pages\/2406\/revisions"}],"predecessor-version":[{"id":2407,"href":"https:\/\/www.agenturagate.cz\/sk\/wp-json\/wp\/v2\/pages\/2406\/revisions\/2407"}],"up":[{"embeddable":true,"href":"https:\/\/www.agenturagate.cz\/sk\/wp-json\/wp\/v2\/pages\/2400"}],"wp:attachment":[{"href":"https:\/\/www.agenturagate.cz\/sk\/wp-json\/wp\/v2\/media?parent=2406"}],"curies":[{"name":"wp","href":"https:\/\/api.w.org\/{rel}","templated":true}]}}