{"id":2412,"date":"2022-03-27T13:32:47","date_gmt":"2022-03-27T11:32:47","guid":{"rendered":"https:\/\/www.agenturagate.cz\/realizovane-projekty\/retail\/"},"modified":"2022-05-01T13:11:06","modified_gmt":"2022-05-01T11:11:06","slug":"retail","status":"publish","type":"page","link":"https:\/\/www.agenturagate.cz\/sk\/realizovane-projekty\/retail\/","title":{"rendered":"Realizovan\u00e9 projekty &#8211; retail"},"content":{"rendered":"\n[et_pb_section fb_built=&#8220;1&#8243; _builder_version=&#8220;4.15.1&#8243; _module_preset=&#8220;default&#8220; bottom_divider_style=&#8220;slant&#8220; bottom_divider_color=&#8220;gcid-fe67e735-d805-4232-895a-1ced7bcc3c03&#8243; bottom_divider_height=&#8220;50px&#8220; bottom_divider_flip=&#8220;horizontal&#8220; global_colors_info=&#8220;{%22gcid-fe67e735-d805-4232-895a-1ced7bcc3c03%22:%91%22bottom_divider_color%22%93}&#8220;][et_pb_row column_structure=&#8220;1_2,1_2&#8243; make_equal=&#8220;on&#8220; _builder_version=&#8220;4.15.1&#8243; _module_preset=&#8220;default&#8220; global_colors_info=&#8220;{}&#8220;][et_pb_column type=&#8220;1_2&#8243; module_class=&#8220;bottom-flex&#8220; _builder_version=&#8220;4.15.1&#8243; _module_preset=&#8220;default&#8220; global_colors_info=&#8220;{}&#8220;][et_pb_text module_class=&#8220;heading&#8220; _builder_version=&#8220;4.15.1&#8243; _module_preset=&#8220;default&#8220; global_colors_info=&#8220;{}&#8220;]<h1>Realizovan\u00e9\n<span class=\"fg-primary\">PROJEKTY<\/span>\nRETAIL\n<\/h1>[\/et_pb_text][\/et_pb_column][et_pb_column type=&#8220;1_2&#8243; module_class=&#8220;bottom-flex&#8220; _builder_version=&#8220;4.15.1&#8243; _module_preset=&#8220;default&#8220; global_colors_info=&#8220;{}&#8220;][et_pb_text module_class=&#8220;link&#8211;filter&#8220; _builder_version=&#8220;4.15.1&#8243; _module_preset=&#8220;default&#8220; text_orientation=&#8220;center&#8220; global_colors_info=&#8220;{}&#8220;]<p><a href=\"https:\/\/www.agenturagate.cz\/sk\/realizovane-projekty\/\">ZRU\u0160IT <br \/>FILTR<\/a><\/p>[\/et_pb_text][\/et_pb_column][\/et_pb_row][\/et_pb_section][et_pb_section fb_built=&#8220;1&#8243; _builder_version=&#8220;4.15.1&#8243; _module_preset=&#8220;default&#8220; background_color=&#8220;gcid-fe67e735-d805-4232-895a-1ced7bcc3c03&#8243; custom_padding=&#8220;||||false|false&#8220; global_colors_info=&#8220;{%22gcid-fe67e735-d805-4232-895a-1ced7bcc3c03%22:%91%22background_color%22%93}&#8220;][et_pb_row column_structure=&#8220;1_4,1_4,1_4,1_4&#8243; admin_label=&#8220;Filtry&#8220; _builder_version=&#8220;4.15.1&#8243; _module_preset=&#8220;default&#8220; global_colors_info=&#8220;{}&#8220;][et_pb_column type=&#8220;1_4&#8243; _builder_version=&#8220;4.15.1&#8243; _module_preset=&#8220;default&#8220; global_colors_info=&#8220;{}&#8220;][et_pb_blurb title=&#8220;RETAIL&#8220; url=&#8220;@ET-DC@eyJkeW5hbWljIjp0cnVlLCJjb250ZW50IjoicG9zdF9saW5rX3VybF9wYWdlIiwic2V0dGluZ3MiOnsicG9zdF9pZCI6IjcxNCJ9fQ==@&#8220; image=&#8220;https:\/\/www.agenturagate.cz\/wp-content\/uploads\/2022\/03\/Group-2580.png&#8220; image_icon_width=&#8220;50%&#8220; module_class=&#8220;blurb blurb&#8211;active&#8220; _builder_version=&#8220;4.15.1&#8243; _dynamic_attributes=&#8220;url&#8220; _module_preset=&#8220;default&#8220; header_text_color=&#8220;#FFFFFF&#8220; text_orientation=&#8220;center&#8220; border_radii_image=&#8220;on|100px|100px|100px|100px&#8220; global_colors_info=&#8220;{}&#8220;]<div class=\"triangle\"><\/div>[\/et_pb_blurb][\/et_pb_column][et_pb_column type=&#8220;1_4&#8243; _builder_version=&#8220;4.15.1&#8243; _module_preset=&#8220;default&#8220; global_colors_info=&#8220;{}&#8220;][et_pb_blurb title=&#8220;DIGITAL STORE&#8220; url=&#8220;@ET-DC@eyJkeW5hbWljIjp0cnVlLCJjb250ZW50IjoicG9zdF9saW5rX3VybF9wYWdlIiwic2V0dGluZ3MiOnsicG9zdF9pZCI6IjczNyJ9fQ==@&#8220; image=&#8220;https:\/\/www.agenturagate.cz\/wp-content\/uploads\/2022\/03\/Group-2581.png&#8220; image_icon_width=&#8220;50%&#8220; module_class=&#8220;blurb&#8220; _builder_version=&#8220;4.15.1&#8243; _dynamic_attributes=&#8220;url&#8220; _module_preset=&#8220;default&#8220; header_text_color=&#8220;#FFFFFF&#8220; text_orientation=&#8220;center&#8220; global_colors_info=&#8220;{}&#8220;]<div class=\"triangle\"><\/div>[\/et_pb_blurb][\/et_pb_column][et_pb_column type=&#8220;1_4&#8243; _builder_version=&#8220;4.15.1&#8243; _module_preset=&#8220;default&#8220; global_colors_info=&#8220;{}&#8220;][et_pb_blurb title=&#8220;LOYALTY&#8220; url=&#8220;@ET-DC@eyJkeW5hbWljIjp0cnVlLCJjb250ZW50IjoicG9zdF9saW5rX3VybF9wYWdlIiwic2V0dGluZ3MiOnsicG9zdF9pZCI6IjczOCJ9fQ==@&#8220; image=&#8220;https:\/\/www.agenturagate.cz\/wp-content\/uploads\/2022\/03\/Group-2582.png&#8220; image_icon_width=&#8220;50%&#8220; module_class=&#8220;blurb&#8220; _builder_version=&#8220;4.15.1&#8243; _dynamic_attributes=&#8220;url&#8220; _module_preset=&#8220;default&#8220; header_text_color=&#8220;#FFFFFF&#8220; text_orientation=&#8220;center&#8220; global_colors_info=&#8220;{}&#8220;]<div class=\"triangle\"><\/div>[\/et_pb_blurb][\/et_pb_column][et_pb_column type=&#8220;1_4&#8243; _builder_version=&#8220;4.15.1&#8243; _module_preset=&#8220;default&#8220; global_colors_info=&#8220;{}&#8220;][et_pb_blurb title=&#8220;ACTIVATION&#8220; url=&#8220;@ET-DC@eyJkeW5hbWljIjp0cnVlLCJjb250ZW50IjoicG9zdF9saW5rX3VybF9wYWdlIiwic2V0dGluZ3MiOnsicG9zdF9pZCI6IjczOSJ9fQ==@&#8220; image=&#8220;https:\/\/www.agenturagate.cz\/wp-content\/uploads\/2022\/03\/Group-2584.png&#8220; image_icon_width=&#8220;50%&#8220; module_class=&#8220;blurb&#8220; _builder_version=&#8220;4.15.1&#8243; _dynamic_attributes=&#8220;url&#8220; _module_preset=&#8220;default&#8220; header_text_color=&#8220;#FFFFFF&#8220; text_orientation=&#8220;center&#8220; global_colors_info=&#8220;{}&#8220;]<div class=\"triangle\"><\/div>[\/et_pb_blurb][\/et_pb_column][\/et_pb_row][\/et_pb_section][et_pb_section fb_built=&#8220;1&#8243; _builder_version=&#8220;4.15.1&#8243; _module_preset=&#8220;default&#8220; background_color=&#8220;gcid-272884ea-4f7f-4770-bcdb-c59d0804d5dc&#8220; custom_padding=&#8220;80px||||false|false&#8220; top_divider_style=&#8220;slant&#8220; top_divider_color=&#8220;gcid-fe67e735-d805-4232-895a-1ced7bcc3c03&#8243; top_divider_height=&#8220;50px&#8220; top_divider_flip=&#8220;horizontal&#8220; global_colors_info=&#8220;{%22gcid-fe67e735-d805-4232-895a-1ced7bcc3c03%22:%91%22top_divider_color%22%93}&#8220;][et_pb_row admin_label=&#8220;P\u0159\u00edsp\u011bvky&#8220; _builder_version=&#8220;4.15.1&#8243; _module_preset=&#8220;default&#8220; global_colors_info=&#8220;{}&#8220;][et_pb_column type=&#8220;4_4&#8243; _builder_version=&#8220;4.15.1&#8243; _module_preset=&#8220;default&#8220; global_colors_info=&#8220;{}&#8220;][et_pb_code _builder_version=&#8220;4.15.1&#8243; _module_preset=&#8220;default&#8220; global_colors_info=&#8220;{}&#8220;]\r\n<div class=\"projects__pagination projects__pagination--top\">\r\n    <\/div>\r\n<div class=\"projects\">\r\n    <div class=\"projects_grid__item projects_grid__item--sm\">\r\n            <a href=\"https:\/\/www.agenturagate.cz\/sk\/project\/rebranding-cerpacich-stanic-mol\/\" class=\"projects_grid__item__thumb\">\r\n            <img loading=\"lazy\" decoding=\"async\" width=\"2048\" height=\"1536\" src=\"https:\/\/www.agenturagate.cz\/wp-content\/uploads\/2022\/04\/gate-mol.webp\" class=\"attachment-post-thumbnail size-post-thumbnail wp-post-image\" alt=\"\" srcset=\"https:\/\/www.agenturagate.cz\/wp-content\/uploads\/2022\/04\/gate-mol.webp 2048w, https:\/\/www.agenturagate.cz\/wp-content\/uploads\/2022\/04\/gate-mol-1280x960.webp 1280w, https:\/\/www.agenturagate.cz\/wp-content\/uploads\/2022\/04\/gate-mol-980x735.webp 980w, https:\/\/www.agenturagate.cz\/wp-content\/uploads\/2022\/04\/gate-mol-480x360.webp 480w\" sizes=\"(min-width: 0px) and (max-width: 480px) 480px, (min-width: 481px) and (max-width: 980px) 980px, (min-width: 981px) and (max-width: 1280px) 1280px, (min-width: 1281px) 2048px, 100vw\" \/>        <\/a>\r\n            <div class=\"projects_grid__content\">\r\n        <a href=\"https:\/\/www.agenturagate.cz\/sk\/project\/rebranding-cerpacich-stanic-mol\/\">\r\n            <h3>Rebranding \u010derpac\u00edch stan\u00edc MOL<\/h3>\r\n        <\/a>\r\n        <div class=\"projects_grid__content__more closed\">\r\n            <p><p>Obliekame \u010derpacie stanice MOL a\u00a0Papoil do\u00a0nov\u00e9ho. Od\u00a0roku 2015 sme ich prebrandovali celkom 233.<\/p>\n<\/p>\r\n            <div>\r\n                <a href=\"https:\/\/www.agenturagate.cz\/sk\/project\/rebranding-cerpacich-stanic-mol\/\" class=\"btn btn--secondary btn--sm\">\r\n                    Learn more                <\/a>\r\n            <\/div>\r\n        <\/div>\r\n            <\/div>\r\n<\/div><div class=\"projects_grid__item projects_grid__item--sm\">\r\n            <a href=\"https:\/\/www.agenturagate.cz\/sk\/project\/restauracny-koncept-slovnaft\/\" class=\"projects_grid__item__thumb\">\r\n            <img loading=\"lazy\" decoding=\"async\" width=\"2448\" height=\"1377\" src=\"https:\/\/www.agenturagate.cz\/wp-content\/uploads\/2022\/04\/slovnaft.webp\" class=\"attachment-post-thumbnail size-post-thumbnail wp-post-image\" alt=\"\" srcset=\"https:\/\/www.agenturagate.cz\/wp-content\/uploads\/2022\/04\/slovnaft.webp 2448w, https:\/\/www.agenturagate.cz\/wp-content\/uploads\/2022\/04\/slovnaft-1280x720.webp 1280w, https:\/\/www.agenturagate.cz\/wp-content\/uploads\/2022\/04\/slovnaft-980x551.webp 980w, https:\/\/www.agenturagate.cz\/wp-content\/uploads\/2022\/04\/slovnaft-480x270.webp 480w\" sizes=\"(min-width: 0px) and (max-width: 480px) 480px, (min-width: 481px) and (max-width: 980px) 980px, (min-width: 981px) and (max-width: 1280px) 1280px, (min-width: 1281px) 2448px, 100vw\" \/>        <\/a>\r\n            <div class=\"projects_grid__content\">\r\n        <a href=\"https:\/\/www.agenturagate.cz\/sk\/project\/restauracny-koncept-slovnaft\/\">\r\n            <h3>Re\u0161taura\u010dn\u00fd koncept Slovnaft<\/h3>\r\n        <\/a>\r\n        <div class=\"projects_grid__content__more closed\">\r\n            <p><p>Pre\u00a0Slovnaft, a.s. sme na\u00a0Slovensku pripravili a\u00a0zrealizovali kompletn\u00fd nov\u00fd design re\u0161taura\u010dn\u00e9ho konceptu.<\/p>\n<\/p>\r\n            <div>\r\n                <a href=\"https:\/\/www.agenturagate.cz\/sk\/project\/restauracny-koncept-slovnaft\/\" class=\"btn btn--secondary btn--sm\">\r\n                    Learn more                <\/a>\r\n            <\/div>\r\n        <\/div>\r\n            <\/div>\r\n<\/div><div class=\"projects_grid__item projects_grid__item--sm\">\r\n            <a href=\"https:\/\/www.agenturagate.cz\/sk\/project\/branding-predajni-billa\/\" class=\"projects_grid__item__thumb\">\r\n            <img loading=\"lazy\" decoding=\"async\" width=\"2048\" height=\"1536\" src=\"https:\/\/www.agenturagate.cz\/wp-content\/uploads\/2022\/04\/billa.webp\" class=\"attachment-post-thumbnail size-post-thumbnail wp-post-image\" alt=\"\" srcset=\"https:\/\/www.agenturagate.cz\/wp-content\/uploads\/2022\/04\/billa.webp 2048w, https:\/\/www.agenturagate.cz\/wp-content\/uploads\/2022\/04\/billa-1280x960.webp 1280w, https:\/\/www.agenturagate.cz\/wp-content\/uploads\/2022\/04\/billa-980x735.webp 980w, https:\/\/www.agenturagate.cz\/wp-content\/uploads\/2022\/04\/billa-480x360.webp 480w\" sizes=\"(min-width: 0px) and (max-width: 480px) 480px, (min-width: 481px) and (max-width: 980px) 980px, (min-width: 981px) and (max-width: 1280px) 1280px, (min-width: 1281px) 2048px, 100vw\" \/>        <\/a>\r\n            <div class=\"projects_grid__content\">\r\n        <a href=\"https:\/\/www.agenturagate.cz\/sk\/project\/branding-predajni-billa\/\">\r\n            <h3>Branding predajn\u00ed BILLA<\/h3>\r\n        <\/a>\r\n        <div class=\"projects_grid__content__more closed\">\r\n            <p><p>Od\u00a0roku 2009 brandujeme s\u00fa\u010dasn\u00e9 a\u00a0nov\u00e9 predajne BILLA vr\u00e1tane strategick\u00e9ho pl\u00e1novania podpory predaja.<\/p>\n<\/p>\r\n            <div>\r\n                <a href=\"https:\/\/www.agenturagate.cz\/sk\/project\/branding-predajni-billa\/\" class=\"btn btn--secondary btn--sm\">\r\n                    Learn more                <\/a>\r\n            <\/div>\r\n        <\/div>\r\n            <\/div>\r\n<\/div><div class=\"projects_grid__item projects_grid__item--sm\">\r\n            <a href=\"https:\/\/www.agenturagate.cz\/sk\/project\/design-na-ceste-bratislava\/\" class=\"projects_grid__item__thumb\">\r\n            <img loading=\"lazy\" decoding=\"async\" width=\"2560\" height=\"1589\" src=\"https:\/\/www.agenturagate.cz\/wp-content\/uploads\/2022\/04\/design-cerpaci-scaled.webp\" class=\"attachment-post-thumbnail size-post-thumbnail wp-post-image\" alt=\"\" srcset=\"https:\/\/www.agenturagate.cz\/wp-content\/uploads\/2022\/04\/design-cerpaci-scaled.webp 2560w, https:\/\/www.agenturagate.cz\/wp-content\/uploads\/2022\/04\/design-cerpaci-1280x795.webp 1280w, https:\/\/www.agenturagate.cz\/wp-content\/uploads\/2022\/04\/design-cerpaci-980x608.webp 980w, https:\/\/www.agenturagate.cz\/wp-content\/uploads\/2022\/04\/design-cerpaci-480x298.webp 480w\" sizes=\"(min-width: 0px) and (max-width: 480px) 480px, (min-width: 481px) and (max-width: 980px) 980px, (min-width: 981px) and (max-width: 1280px) 1280px, (min-width: 1281px) 2560px, 100vw\" \/>        <\/a>\r\n            <div class=\"projects_grid__content\">\r\n        <a href=\"https:\/\/www.agenturagate.cz\/sk\/project\/design-na-ceste-bratislava\/\">\r\n            <h3>Design na ceste | Bratislava<\/h3>\r\n        <\/a>\r\n        <div class=\"projects_grid__content__more closed\">\r\n            <p><p>Brandovanie atypick\u00fdch priestorov n\u00e1s bav\u00ed. Pr\u00edkladom je \u010derpacia stanica na\u00a0ulici Pr\u00edstavn\u00e1 v\u00a0Bratislave.<\/p>\n<\/p>\r\n            <div>\r\n                <a href=\"https:\/\/www.agenturagate.cz\/sk\/project\/design-na-ceste-bratislava\/\" class=\"btn btn--secondary btn--sm\">\r\n                    Learn more                <\/a>\r\n            <\/div>\r\n        <\/div>\r\n            <\/div>\r\n<\/div><div class=\"projects_grid__item projects_grid__item--sm\">\r\n            <a href=\"https:\/\/www.agenturagate.cz\/sk\/project\/rebranding-showroomu-puma\/\" class=\"projects_grid__item__thumb\">\r\n            <img loading=\"lazy\" decoding=\"async\" width=\"2126\" height=\"1181\" src=\"https:\/\/www.agenturagate.cz\/wp-content\/uploads\/2022\/04\/img-3.webp\" class=\"attachment-post-thumbnail size-post-thumbnail wp-post-image\" alt=\"\" srcset=\"https:\/\/www.agenturagate.cz\/wp-content\/uploads\/2022\/04\/img-3.webp 2126w, https:\/\/www.agenturagate.cz\/wp-content\/uploads\/2022\/04\/img-3-1280x711.webp 1280w, https:\/\/www.agenturagate.cz\/wp-content\/uploads\/2022\/04\/img-3-980x544.webp 980w, https:\/\/www.agenturagate.cz\/wp-content\/uploads\/2022\/04\/img-3-480x267.webp 480w\" sizes=\"(min-width: 0px) and (max-width: 480px) 480px, (min-width: 481px) and (max-width: 980px) 980px, (min-width: 981px) and (max-width: 1280px) 1280px, (min-width: 1281px) 2126px, 100vw\" \/>        <\/a>\r\n            <div class=\"projects_grid__content\">\r\n        <a href=\"https:\/\/www.agenturagate.cz\/sk\/project\/rebranding-showroomu-puma\/\">\r\n            <h3>Rebranding showroomu PUMA<\/h3>\r\n        <\/a>\r\n        <div class=\"projects_grid__content__more closed\">\r\n            <p><p>Autenticita, design a\u00a0jednoduchos\u0165 rie\u0161enia. To v\u0161etko zahr\u0148oval rebranding priestoru showroomu PUMA.<\/p>\n<\/p>\r\n            <div>\r\n                <a href=\"https:\/\/www.agenturagate.cz\/sk\/project\/rebranding-showroomu-puma\/\" class=\"btn btn--secondary btn--sm\">\r\n                    Learn more                <\/a>\r\n            <\/div>\r\n        <\/div>\r\n            <\/div>\r\n<\/div><div class=\"projects_grid__item projects_grid__item--sm\">\r\n            <a href=\"https:\/\/www.agenturagate.cz\/sk\/project\/huawei-at-point-of-sale\/\" class=\"projects_grid__item__thumb\">\r\n            <img loading=\"lazy\" decoding=\"async\" width=\"2560\" height=\"1440\" src=\"https:\/\/www.agenturagate.cz\/wp-content\/uploads\/2022\/04\/huaweu-scaled.webp\" class=\"attachment-post-thumbnail size-post-thumbnail wp-post-image\" alt=\"\" srcset=\"https:\/\/www.agenturagate.cz\/wp-content\/uploads\/2022\/04\/huaweu-scaled.webp 2560w, https:\/\/www.agenturagate.cz\/wp-content\/uploads\/2022\/04\/huaweu-1280x720.webp 1280w, https:\/\/www.agenturagate.cz\/wp-content\/uploads\/2022\/04\/huaweu-980x551.webp 980w, https:\/\/www.agenturagate.cz\/wp-content\/uploads\/2022\/04\/huaweu-480x270.webp 480w\" sizes=\"(min-width: 0px) and (max-width: 480px) 480px, (min-width: 481px) and (max-width: 980px) 980px, (min-width: 981px) and (max-width: 1280px) 1280px, (min-width: 1281px) 2560px, 100vw\" \/>        <\/a>\r\n            <div class=\"projects_grid__content\">\r\n        <a href=\"https:\/\/www.agenturagate.cz\/sk\/project\/huawei-at-point-of-sale\/\">\r\n            <h3>HUAWEI AT | Point of Sale<\/h3>\r\n        <\/a>\r\n        <div class=\"projects_grid__content__more closed\">\r\n            <p><p>Pre\u00a0rak\u00fasky HUAWEI vyr\u00e1bame a\u00a0in\u0161talujeme najr\u00f4znej\u0161ie materi\u00e1ly na\u00a0podporu predaja. Od\u00a0roku 2018.<\/p>\n<\/p>\r\n            <div>\r\n                <a href=\"https:\/\/www.agenturagate.cz\/sk\/project\/huawei-at-point-of-sale\/\" class=\"btn btn--secondary btn--sm\">\r\n                    Learn more                <\/a>\r\n            <\/div>\r\n        <\/div>\r\n            <\/div>\r\n<\/div><div class=\"projects_grid__item projects_grid__item--sm\">\r\n            <a href=\"https:\/\/www.agenturagate.cz\/sk\/project\/design-manual-norcham\/\" class=\"projects_grid__item__thumb\">\r\n            <img loading=\"lazy\" decoding=\"async\" width=\"1754\" height=\"1240\" src=\"https:\/\/www.agenturagate.cz\/wp-content\/uploads\/2022\/04\/design-manual.webp\" class=\"attachment-post-thumbnail size-post-thumbnail wp-post-image\" alt=\"\" srcset=\"https:\/\/www.agenturagate.cz\/wp-content\/uploads\/2022\/04\/design-manual.webp 1754w, https:\/\/www.agenturagate.cz\/wp-content\/uploads\/2022\/04\/design-manual-1280x905.webp 1280w, https:\/\/www.agenturagate.cz\/wp-content\/uploads\/2022\/04\/design-manual-980x693.webp 980w, https:\/\/www.agenturagate.cz\/wp-content\/uploads\/2022\/04\/design-manual-480x339.webp 480w\" sizes=\"(min-width: 0px) and (max-width: 480px) 480px, (min-width: 481px) and (max-width: 980px) 980px, (min-width: 981px) and (max-width: 1280px) 1280px, (min-width: 1281px) 1754px, 100vw\" \/>        <\/a>\r\n            <div class=\"projects_grid__content\">\r\n        <a href=\"https:\/\/www.agenturagate.cz\/sk\/project\/design-manual-norcham\/\">\r\n            <h3>Design Manual NORCHAM<\/h3>\r\n        <\/a>\r\n        <div class=\"projects_grid__content__more closed\">\r\n            <p><p>Redesign loga a\u00a0korpor\u00e1tnej identity pre\u00a0seversk\u00fa obchodn\u00fa komoru. Spracovan\u00e9 do\u00a0preh\u013eadn\u00e9ho manu\u00e1lu.<\/p>\n<\/p>\r\n            <div>\r\n                <a href=\"https:\/\/www.agenturagate.cz\/sk\/project\/design-manual-norcham\/\" class=\"btn btn--secondary btn--sm\">\r\n                    Learn more                <\/a>\r\n            <\/div>\r\n        <\/div>\r\n            <\/div>\r\n<\/div><div class=\"projects_grid__item projects_grid__item--sm\">\r\n            <a href=\"https:\/\/www.agenturagate.cz\/sk\/project\/produktovy-launch-pre-tondach\/\" class=\"projects_grid__item__thumb\">\r\n            <img loading=\"lazy\" decoding=\"async\" width=\"1587\" height=\"1123\" src=\"https:\/\/www.agenturagate.cz\/wp-content\/uploads\/2022\/04\/launch.webp\" class=\"attachment-post-thumbnail size-post-thumbnail wp-post-image\" alt=\"\" srcset=\"https:\/\/www.agenturagate.cz\/wp-content\/uploads\/2022\/04\/launch.webp 1587w, https:\/\/www.agenturagate.cz\/wp-content\/uploads\/2022\/04\/launch-1280x906.webp 1280w, https:\/\/www.agenturagate.cz\/wp-content\/uploads\/2022\/04\/launch-980x693.webp 980w, https:\/\/www.agenturagate.cz\/wp-content\/uploads\/2022\/04\/launch-480x340.webp 480w\" sizes=\"(min-width: 0px) and (max-width: 480px) 480px, (min-width: 481px) and (max-width: 980px) 980px, (min-width: 981px) and (max-width: 1280px) 1280px, (min-width: 1281px) 1587px, 100vw\" \/>        <\/a>\r\n            <div class=\"projects_grid__content\">\r\n        <a href=\"https:\/\/www.agenturagate.cz\/sk\/project\/produktovy-launch-pre-tondach\/\">\r\n            <h3>Produktov\u00fd launch pre Tondach<\/h3>\r\n        <\/a>\r\n        <div class=\"projects_grid__content__more closed\">\r\n            <p><p>Pre\u00a0klienta Wienerberger sme pripravili design kampane na\u00a0uvedenie novej p\u00e1lenej ta\u0161ky V11 zna\u010dky Tondach.<\/p>\n<\/p>\r\n            <div>\r\n                <a href=\"https:\/\/www.agenturagate.cz\/sk\/project\/produktovy-launch-pre-tondach\/\" class=\"btn btn--secondary btn--sm\">\r\n                    Learn more                <\/a>\r\n            <\/div>\r\n        <\/div>\r\n            <\/div>\r\n<\/div><\/div>\r\n<div class=\"projects__pagination\">\r\n    <\/div>\r\n[\/et_pb_code][\/et_pb_column][\/et_pb_row][\/et_pb_section][et_pb_section fb_built=&#8220;1&#8243; _builder_version=&#8220;4.15.1&#8243; _module_preset=&#8220;default&#8220; background_image=&#8220;https:\/\/www.agenturagate.cz\/wp-content\/uploads\/2022\/04\/gate-real.jpg&#8220; height=&#8220;400px&#8220; top_divider_style=&#8220;slant&#8220; top_divider_color=&#8220;gcid-272884ea-4f7f-4770-bcdb-c59d0804d5dc&#8220; top_divider_height=&#8220;50px&#8220; top_divider_flip=&#8220;horizontal&#8220; bottom_divider_style=&#8220;slant&#8220; bottom_divider_color=&#8220;#FFFFFF&#8220; bottom_divider_height=&#8220;50px&#8220; bottom_divider_flip=&#8220;horizontal&#8220; global_colors_info=&#8220;{%22gcid-272884ea-4f7f-4770-bcdb-c59d0804d5dc%22:%91%22top_divider_color%22%93}&#8220;][\/et_pb_section]\n","protected":false},"excerpt":{"rendered":"","protected":false},"author":1,"featured_media":0,"parent":2400,"menu_order":0,"comment_status":"closed","ping_status":"closed","template":"","meta":{"_acf_changed":false,"_et_pb_use_builder":"on","_et_pb_old_content":"<!-- wp:divi\/placeholder \/-->","_et_gb_content_width":"","footnotes":""},"class_list":["post-2412","page","type-page","status-publish","hentry"],"acf":[],"_links":{"self":[{"href":"https:\/\/www.agenturagate.cz\/sk\/wp-json\/wp\/v2\/pages\/2412","targetHints":{"allow":["GET"]}}],"collection":[{"href":"https:\/\/www.agenturagate.cz\/sk\/wp-json\/wp\/v2\/pages"}],"about":[{"href":"https:\/\/www.agenturagate.cz\/sk\/wp-json\/wp\/v2\/types\/page"}],"author":[{"embeddable":true,"href":"https:\/\/www.agenturagate.cz\/sk\/wp-json\/wp\/v2\/users\/1"}],"replies":[{"embeddable":true,"href":"https:\/\/www.agenturagate.cz\/sk\/wp-json\/wp\/v2\/comments?post=2412"}],"version-history":[{"count":1,"href":"https:\/\/www.agenturagate.cz\/sk\/wp-json\/wp\/v2\/pages\/2412\/revisions"}],"predecessor-version":[{"id":2413,"href":"https:\/\/www.agenturagate.cz\/sk\/wp-json\/wp\/v2\/pages\/2412\/revisions\/2413"}],"up":[{"embeddable":true,"href":"https:\/\/www.agenturagate.cz\/sk\/wp-json\/wp\/v2\/pages\/2400"}],"wp:attachment":[{"href":"https:\/\/www.agenturagate.cz\/sk\/wp-json\/wp\/v2\/media?parent=2412"}],"curies":[{"name":"wp","href":"https:\/\/api.w.org\/{rel}","templated":true}]}}